{"id":5097,"date":"2026-01-22T10:22:58","date_gmt":"2026-01-22T10:22:58","guid":{"rendered":"https:\/\/nanotechvietnam.com\/?post_type=product&#038;p=5097"},"modified":"2026-04-18T21:03:00","modified_gmt":"2026-04-18T21:03:00","slug":"cortec-vpci-dien-dien-tu","status":"publish","type":"product","link":"https:\/\/nanotechvietnam.com\/en\/product\/cortec-vpci-dien-dien-tu\/","title":{"rendered":"Cortec \u00ae VpCI \u00ae \u0110i\u1ec7n &#038; \u0110i\u1ec7n t\u1eed"},"content":{"rendered":"<ul>\n<li>\u0110\u1ecbnh ngh\u0129a: VpCI \u0111i\u1ec7n v\u00e0 \u0111i\u1ec7n t\u1eed \u0111\u01b0\u1ee3c thi\u1ebft k\u1ebf \u0111\u1ec3 b\u1ea3o v\u1ec7 s\u1ea3n ph\u1ea9m, linh ki\u1ec7n ho\u1eb7c b\u1ed9 ph\u1eadn ch\u1ed1ng \u0103n m\u00f2n khi \u0111\u01b0\u1ee3c \u0111\u1eb7t trong v\u1ecf kh\u00f4ng th\u00f4ng gi\u00f3, h\u1ed9p \u0111i\u1ec1u khi\u1ec3n ho\u1eb7c c\u00e1c v\u1ecf b\u1ecdc kh\u00e1c. B\u1ed9 VpCI\u00ae \u0111i\u1ec7n &amp; \u0111i\u1ec7n t\u1eed gi\u1ea3i ph\u00f3ng h\u01a1i v\u00e0o b\u00ean trong kh\u00f4ng gian ch\u1ee9a v\u1eadt t\u01b0, thi\u1ebft b\u1ecb v\u00e0 l\u1edbp h\u01a1i n\u00e0y sau \u0111\u00f3 l\u1eafng \u0111\u1ecdng tr\u00ean b\u1ec1 m\u1eb7t kim lo\u1ea1i v\u00e0 t\u1ea1o th\u00e0nh m\u1ed9t l\u1edbp ph\u00e2n t\u1eed b\u1ea3o v\u1ec7. L\u1edbp VpCI\u00ae n\u00e0y cung c\u1ea5p kh\u1ea3 n\u0103ng b\u1ea3o v\u1ec7 \u0111a kim lo\u1ea1i v\u00e0 gi\u00fap gi\u1ea3m \u0103n m\u00f2n trong kh\u00f4ng gian k\u00edn.<\/li>\n<li>\u0110\u1eb7c t\u00ednh: Hi\u1ec7n nay, nhi\u1ec1u nh\u00e0 s\u1ea3n v\u1eadt li\u1ec7u ch\u1ed1ng \u0103n m\u00f2n \u0111ang s\u1eed d\u1ee5ng c\u00e1c v\u1eadt li\u1ec7u \u0111\u1ed9c h\u1ea1i nh\u01b0 ch\u00ec, crom, cadmi, niken v\u00e0 k\u1ebdm \u0111\u1ec3 tr\u00e1nh hi\u1ec7n t\u01b0\u1ee3ng \u0103n m\u00f2n. S\u1ea3n ph\u1ea9m Cortec\u00ae ng\u0103n ng\u1eeba \u0103n m\u00f2n m\u00e0 kh\u00f4ng \u0111\u1ed9c h\u1ea1i, an to\u00e0n khi s\u1eed d\u1ee5ng v\u00e0 \u1ee9ng d\u1ee5ng, kh\u00f4ng ch\u1ee9a nitrit v\u00e0 silicon.<\/li>\n<\/ul>\n<p>+ \u0110\u01b0\u1ee3c c\u1ea5u t\u1ea1o t\u1eeb nh\u1ef1a sinh h\u1ecdc \u0111\u1ea1t chu\u1ea9n OK Biobased 3 sao.<\/p>\n<p>+ \u0110\u01b0\u1ee3c thi\u1ebft k\u1ebf \u0111\u1ec3 b\u1ea3o v\u1ec7 t\u1eebng lo\u1ea1i k\u00edch th\u01b0\u1edbc kh\u00f4ng gian k\u00edn kh\u00e1c nhau<\/p>\n<p>+ M\u00e0ng tho\u00e1ng kh\u00ed m\u1ed9t chi\u1ec1u 100% sinh h\u1ecdc.<\/p>\n<p>+ Kh\u00f4ng \u0111\u1ed9c h\u1ea1i.<\/p>\n<p>+ D\u1ec5 d\u00e0ng l\u1eafp \u0111\u1eb7t.<\/p>\n<p>+ Kh\u00f4ng \u0111\u1ec3 l\u1ea1i c\u1eb7n, ch\u1ea5t th\u1ea3i.<\/p>\n<p>+ Cung c\u1ea5p kh\u1ea3 n\u0103ng b\u1ea3o v\u1ec7 l\u00ean \u0111\u1ebfn 24 th\u00e1ng.<\/p>\n<p>+ Kh\u00f4ng c\u1ea7n phun, lau ho\u1eb7c nh\u00fang.<\/p>\n<p><img decoding=\"async\" class=\"lazyload alignnone wp-image-5098 size-full\" src=\"https:\/\/nanotechvietnam.com\/wp-content\/uploads\/2026\/01\/cotect-1.png\" data-orig-src=\"https:\/\/nanotechvietnam.com\/wp-content\/uploads\/2026\/01\/cotect-1.png\" alt=\"\" width=\"306\" height=\"303\" srcset=\"data:image\/svg+xml,%3Csvg%20xmlns%3D%27http%3A%2F%2Fwww.w3.org%2F2000%2Fsvg%27%20width%3D%27306%27%20height%3D%27303%27%20viewBox%3D%270%200%20306%20303%27%3E%3Crect%20width%3D%27306%27%20height%3D%27303%27%20fill-opacity%3D%220%22%2F%3E%3C%2Fsvg%3E\" data-srcset=\"https:\/\/nanotechvietnam.com\/wp-content\/uploads\/2026\/01\/cotect-1-66x66.png 66w, https:\/\/nanotechvietnam.com\/wp-content\/uploads\/2026\/01\/cotect-1-150x150.png 150w, https:\/\/nanotechvietnam.com\/wp-content\/uploads\/2026\/01\/cotect-1-200x198.png 200w, https:\/\/nanotechvietnam.com\/wp-content\/uploads\/2026\/01\/cotect-1-300x297.png 300w, https:\/\/nanotechvietnam.com\/wp-content\/uploads\/2026\/01\/cotect-1.png 306w\" data-sizes=\"auto\" data-orig-sizes=\"(max-width: 306px) 100vw, 306px\" title=\"\"> <img decoding=\"async\" class=\"lazyload alignnone wp-image-5100\" src=\"https:\/\/nanotechvietnam.com\/wp-content\/uploads\/2026\/01\/cotect-2.png\" data-orig-src=\"https:\/\/nanotechvietnam.com\/wp-content\/uploads\/2026\/01\/cotect-2.png\" alt=\"\" width=\"309\" height=\"303\" srcset=\"data:image\/svg+xml,%3Csvg%20xmlns%3D%27http%3A%2F%2Fwww.w3.org%2F2000%2Fsvg%27%20width%3D%27309%27%20height%3D%27303%27%20viewBox%3D%270%200%20309%20303%27%3E%3Crect%20width%3D%27309%27%20height%3D%27303%27%20fill-opacity%3D%220%22%2F%3E%3C%2Fsvg%3E\" data-srcset=\"https:\/\/nanotechvietnam.com\/wp-content\/uploads\/2026\/01\/cotect-2-66x66.png 66w, https:\/\/nanotechvietnam.com\/wp-content\/uploads\/2026\/01\/cotect-2-200x196.png 200w, https:\/\/nanotechvietnam.com\/wp-content\/uploads\/2026\/01\/cotect-2.png 267w\" data-sizes=\"auto\" data-orig-sizes=\"(max-width: 309px) 100vw, 309px\" title=\"\"> <img decoding=\"async\" class=\"lazyload alignnone wp-image-5102\" src=\"https:\/\/nanotechvietnam.com\/wp-content\/uploads\/2026\/01\/cotect-3.png\" data-orig-src=\"https:\/\/nanotechvietnam.com\/wp-content\/uploads\/2026\/01\/cotect-3.png\" alt=\"\" width=\"367\" height=\"303\" srcset=\"data:image\/svg+xml,%3Csvg%20xmlns%3D%27http%3A%2F%2Fwww.w3.org%2F2000%2Fsvg%27%20width%3D%27367%27%20height%3D%27303%27%20viewBox%3D%270%200%20367%20303%27%3E%3Crect%20width%3D%27367%27%20height%3D%27303%27%20fill-opacity%3D%220%22%2F%3E%3C%2Fsvg%3E\" data-srcset=\"https:\/\/nanotechvietnam.com\/wp-content\/uploads\/2026\/01\/cotect-3-200x165.png 200w, https:\/\/nanotechvietnam.com\/wp-content\/uploads\/2026\/01\/cotect-3.png 282w\" data-sizes=\"auto\" data-orig-sizes=\"(max-width: 367px) 100vw, 367px\" title=\"\"><\/p>\n","protected":false},"excerpt":{"rendered":"<p>\u0110\u1ecbnh ngh\u0129a: VpCI \u0111i\u1ec7n v\u00e0 \u0111i\u1ec7n t\u1eed \u0111\u01b0\u1ee3c thi\u1ebft k\u1ebf \u0111\u1ec3 b\u1ea3o v\u1ec7 s\u1ea3n ph\u1ea9m, linh ki\u1ec7n ho\u1eb7c b\u1ed9 ph\u1eadn [&hellip;]<\/p>\n","protected":false},"featured_media":5098,"comment_status":"open","ping_status":"closed","template":"","meta":[],"product_cat":[216,217],"product_tag":[],"_links":{"self":[{"href":"https:\/\/nanotechvietnam.com\/en\/wp-json\/wp\/v2\/product\/5097"}],"collection":[{"href":"https:\/\/nanotechvietnam.com\/en\/wp-json\/wp\/v2\/product"}],"about":[{"href":"https:\/\/nanotechvietnam.com\/en\/wp-json\/wp\/v2\/types\/product"}],"replies":[{"embeddable":true,"href":"https:\/\/nanotechvietnam.com\/en\/wp-json\/wp\/v2\/comments?post=5097"}],"wp:featuredmedia":[{"embeddable":true,"href":"https:\/\/nanotechvietnam.com\/en\/wp-json\/wp\/v2\/media\/5098"}],"wp:attachment":[{"href":"https:\/\/nanotechvietnam.com\/en\/wp-json\/wp\/v2\/media?parent=5097"}],"wp:term":[{"taxonomy":"product_cat","embeddable":true,"href":"https:\/\/nanotechvietnam.com\/en\/wp-json\/wp\/v2\/product_cat?post=5097"},{"taxonomy":"product_tag","embeddable":true,"href":"https:\/\/nanotechvietnam.com\/en\/wp-json\/wp\/v2\/product_tag?post=5097"}],"curies":[{"name":"wp","href":"https:\/\/api.w.org\/{rel}","templated":true}]}}