{"id":5075,"date":"2026-01-22T09:23:51","date_gmt":"2026-01-22T09:23:51","guid":{"rendered":"https:\/\/nanotechvietnam.com\/?post_type=product&#038;p=5075"},"modified":"2026-04-18T21:03:47","modified_gmt":"2026-04-18T21:03:47","slug":"mang-boc-vpci","status":"publish","type":"product","link":"https:\/\/nanotechvietnam.com\/en\/product\/mang-boc-vpci\/","title":{"rendered":"M\u00c0NG B\u1eccC VpCI\u00ae"},"content":{"rendered":"<h4><strong>1. M\u00e0ng b\u1ecdc VpCI\u00ae<\/strong><\/h4>\n<p>M\u00e0ng b\u1ecdc Cortec VpCI\u00ae hi\u1ec7u qu\u1ea3 cao, ti\u1ebft ki\u1ec7m chi ph\u00ed v\u00e0 d\u1ec5 s\u1eed d\u1ee5ng. M\u00e0ng b\u1ecdc Cortec VpCI\u00ae cung c\u1ea5p kh\u1ea3 n\u0103ng ki\u1ec3m so\u00e1t ch\u1ed1ng \u0103n m\u00f2n to\u00e0n di\u1ec7n cho nhi\u1ec1u kim lo\u1ea1i kh\u00e1c nhau v\u1edbi nhi\u1ec1u h\u00ecnh d\u1ea1ng v\u00e0 k\u00edch c\u1ee1 kh\u00e1c nhau, bao g\u1ed3m:<\/p>\n<p>+ T\u00fai h\u00e0n nhi\u1ec7t &amp; kh\u00f3a k\u00e9o<\/p>\n<p>+ M\u00e0ng co<\/p>\n<p>+ M\u00e0ng co gi\u00e3n<\/p>\n<p>+ M\u00e0ng \u1ed5n \u0111\u1ecbnh tia UV<\/p>\n<p>+ M\u00e0ng ch\u1ed1ng ch\u00e1y<\/p>\n<p>+ M\u00e0ng d\u1ec7t, kh\u00f4ng d\u1ec7t<\/p>\n<p>+ M\u00e0ng nhi\u1ec1u l\u1edbp &amp; m\u00e0ng gh\u00e9p<\/p>\n<p>+ H\u00ecnh d\u1ea1ng, k\u00edch th\u01b0\u1edbc v\u00e0 ki\u1ec3u d\u00e1ng t\u00f9y ch\u1ec9nh (m\u1edf t\u1ef1 \u0111\u1ed9ng, c\u00f3 n\u1ebfp g\u1ea5p, co gi\u00e3n, v.v.)<\/p>\n<p><img decoding=\"async\" class=\"lazyload wp-image-5084 size-full aligncenter\" src=\"https:\/\/nanotechvietnam.com\/wp-content\/uploads\/2026\/01\/Mang-boc-VpCI.png\" data-orig-src=\"https:\/\/nanotechvietnam.com\/wp-content\/uploads\/2026\/01\/Mang-boc-VpCI.png\" alt=\"\" width=\"620\" height=\"367\" srcset=\"data:image\/svg+xml,%3Csvg%20xmlns%3D%27http%3A%2F%2Fwww.w3.org%2F2000%2Fsvg%27%20width%3D%27620%27%20height%3D%27367%27%20viewBox%3D%270%200%20620%20367%27%3E%3Crect%20width%3D%27620%27%20height%3D%27367%27%20fill-opacity%3D%220%22%2F%3E%3C%2Fsvg%3E\" data-srcset=\"https:\/\/nanotechvietnam.com\/wp-content\/uploads\/2026\/01\/Mang-boc-VpCI-200x118.png 200w, https:\/\/nanotechvietnam.com\/wp-content\/uploads\/2026\/01\/Mang-boc-VpCI-300x178.png 300w, https:\/\/nanotechvietnam.com\/wp-content\/uploads\/2026\/01\/Mang-boc-VpCI-400x237.png 400w, https:\/\/nanotechvietnam.com\/wp-content\/uploads\/2026\/01\/Mang-boc-VpCI-600x355.png 600w, https:\/\/nanotechvietnam.com\/wp-content\/uploads\/2026\/01\/Mang-boc-VpCI.png 620w\" data-sizes=\"auto\" data-orig-sizes=\"(max-width: 620px) 100vw, 620px\" title=\"\"><\/p>\n<h4>2. \u1ee8ng d\u1ee5ng:<\/h4>\n<p>Ch\u1ec9 c\u1ea7n b\u1ecdc, che ph\u1ee7 ho\u1eb7c \u0111\u00f3ng g\u00f3i s\u1ea3n ph\u1ea9m ho\u1eb7c thi\u1ebft b\u1ecb c\u1ee7a b\u1ea1n; kh\u1ea3 n\u0103ng b\u1ea3o v\u1ec7 li\u00ean t\u1ee5c cho c\u00e1c \u1ee9ng d\u1ee5ng s\u1ea3n xu\u1ea5t d\u1edf dang, l\u01b0u tr\u1eef, v\u1eadn chuy\u1ec3n, x\u1ebfp d\u1ee1 ho\u1eb7c b\u1ea3o qu\u1ea3n. C\u00e1c ph\u00e2n t\u1eed ch\u1ed1ng \u0103n m\u00f2n s\u1ebd t\u1ef1 b\u1ed5 sung li\u00ean t\u1ee5c ph\u00e1t ra t\u1eeb m\u00e0ng \u0111\u1ec3 b\u1ea3o v\u1ec7 t\u1ea5t c\u1ea3 c\u00e1c b\u1ec1 m\u1eb7t kim lo\u1ea1i ti\u1ebfp x\u00fac b\u1ea5t k\u1ec3 s\u1ef1 thay \u0111\u1ed5i nhi\u1ec7t \u0111\u1ed9 ho\u1eb7c \u0111\u1ed9 \u1ea9m. M\u00e0ng VpCI\u00ae c\u1ee7a Cortec \u0111\u01b0\u1ee3c s\u1ea3n xu\u1ea5t \u0111\u1ed9c quy\u1ec1n t\u1eeb nh\u1ef1a c\u00f4ng ngh\u1ec7 cao b\u1eb1ng k\u1ef9 thu\u1eadt \u00e9p \u0111\u00f9n \u0111\u1ed9c quy\u1ec1n \u0111\u1ec3 \u0111\u1ea3m b\u1ea3o ch\u1ea5t l\u01b0\u1ee3ng 100% v\u1ec1 c\u00e1c \u0111\u1eb7c t\u00ednh v\u1eadt l\u00fd, c\u01a1 h\u1ecdc v\u00e0 kh\u1ea3 n\u0103ng ch\u1ed1ng \u0103n m\u00f2n c\u1ee7a t\u1ea5t c\u1ea3 c\u00e1c m\u00e0ng \u0111\u01b0\u1ee3c s\u1ea3n xu\u1ea5t. S\u1ea3n ph\u1ea9m c\u1ee7a ch\u00fang t\u00f4i \u0111\u00e1p \u1ee9ng c\u00e1c ti\u00eau chu\u1ea9n ch\u1ea5t l\u01b0\u1ee3ng qu\u1ed1c t\u1ebf nghi\u00eam ng\u1eb7t nh\u1ea5t. D\u00f9ng cho m\u00e0ng ch\u1ed1ng \u0103n m\u00f2n.<\/p>\n<p>S\u1eed d\u1ee5ng m\u00e0ng VpCI\u00ae c\u1ee7a Cortec s\u1ebd \u0111\u1ea3m b\u1ea3o t\u00e0i s\u1ea3n qu\u00fd gi\u00e1 c\u1ee7a b\u1ea1n lu\u00f4n s\u1ea1ch s\u1ebd, kh\u00f4 r\u00e1o, kh\u00f4ng b\u1ecb \u0103n m\u00f2n v\u00e0 s\u1eb5n s\u00e0ng s\u1eed d\u1ee5ng ngay l\u1eadp<\/p>\n<ul>\n<li style=\"text-align: center;\"><img decoding=\"async\" class=\"lazyload alignnone wp-image-5076 size-full\" src=\"https:\/\/nanotechvietnam.com\/wp-content\/uploads\/2026\/01\/Mang-boc-VpCI-2.png\" data-orig-src=\"https:\/\/nanotechvietnam.com\/wp-content\/uploads\/2026\/01\/Mang-boc-VpCI-2.png\" alt=\"\" width=\"495\" height=\"362\" srcset=\"data:image\/svg+xml,%3Csvg%20xmlns%3D%27http%3A%2F%2Fwww.w3.org%2F2000%2Fsvg%27%20width%3D%27495%27%20height%3D%27362%27%20viewBox%3D%270%200%20495%20362%27%3E%3Crect%20width%3D%27495%27%20height%3D%27362%27%20fill-opacity%3D%220%22%2F%3E%3C%2Fsvg%3E\" data-srcset=\"https:\/\/nanotechvietnam.com\/wp-content\/uploads\/2026\/01\/Mang-boc-VpCI-2-200x146.png 200w, https:\/\/nanotechvietnam.com\/wp-content\/uploads\/2026\/01\/Mang-boc-VpCI-2-300x219.png 300w, https:\/\/nanotechvietnam.com\/wp-content\/uploads\/2026\/01\/Mang-boc-VpCI-2-400x293.png 400w, https:\/\/nanotechvietnam.com\/wp-content\/uploads\/2026\/01\/Mang-boc-VpCI-2.png 495w\" data-sizes=\"auto\" data-orig-sizes=\"(max-width: 495px) 100vw, 495px\" title=\"\"> <img decoding=\"async\" class=\"lazyload alignnone wp-image-5078\" src=\"https:\/\/nanotechvietnam.com\/wp-content\/uploads\/2026\/01\/Mang-boc-VpCI-3-300x164.png\" data-orig-src=\"https:\/\/nanotechvietnam.com\/wp-content\/uploads\/2026\/01\/Mang-boc-VpCI-3-300x164.png\" alt=\"\" width=\"661\" height=\"362\" srcset=\"data:image\/svg+xml,%3Csvg%20xmlns%3D%27http%3A%2F%2Fwww.w3.org%2F2000%2Fsvg%27%20width%3D%27661%27%20height%3D%27362%27%20viewBox%3D%270%200%20661%20362%27%3E%3Crect%20width%3D%27661%27%20height%3D%27362%27%20fill-opacity%3D%220%22%2F%3E%3C%2Fsvg%3E\" data-srcset=\"https:\/\/nanotechvietnam.com\/wp-content\/uploads\/2026\/01\/Mang-boc-VpCI-3-200x110.png 200w, https:\/\/nanotechvietnam.com\/wp-content\/uploads\/2026\/01\/Mang-boc-VpCI-3-300x164.png 300w, https:\/\/nanotechvietnam.com\/wp-content\/uploads\/2026\/01\/Mang-boc-VpCI-3-400x219.png 400w, https:\/\/nanotechvietnam.com\/wp-content\/uploads\/2026\/01\/Mang-boc-VpCI-3-600x329.png 600w, https:\/\/nanotechvietnam.com\/wp-content\/uploads\/2026\/01\/Mang-boc-VpCI-3-700x383.png 700w, https:\/\/nanotechvietnam.com\/wp-content\/uploads\/2026\/01\/Mang-boc-VpCI-3.png 767w\" data-sizes=\"auto\" data-orig-sizes=\"(max-width: 661px) 100vw, 661px\" title=\"\"><img decoding=\"async\" class=\"lazyload alignnone wp-image-5080\" src=\"https:\/\/nanotechvietnam.com\/wp-content\/uploads\/2026\/01\/Mang-boc-VpCI-4.png\" data-orig-src=\"https:\/\/nanotechvietnam.com\/wp-content\/uploads\/2026\/01\/Mang-boc-VpCI-4.png\" alt=\"\" width=\"362\" height=\"469\" srcset=\"data:image\/svg+xml,%3Csvg%20xmlns%3D%27http%3A%2F%2Fwww.w3.org%2F2000%2Fsvg%27%20width%3D%27362%27%20height%3D%27469%27%20viewBox%3D%270%200%20362%20469%27%3E%3Crect%20width%3D%27362%27%20height%3D%27469%27%20fill-opacity%3D%220%22%2F%3E%3C%2Fsvg%3E\" data-srcset=\"https:\/\/nanotechvietnam.com\/wp-content\/uploads\/2026\/01\/Mang-boc-VpCI-4-200x259.png 200w, https:\/\/nanotechvietnam.com\/wp-content\/uploads\/2026\/01\/Mang-boc-VpCI-4-232x300.png 232w, https:\/\/nanotechvietnam.com\/wp-content\/uploads\/2026\/01\/Mang-boc-VpCI-4.png 367w\" data-sizes=\"auto\" data-orig-sizes=\"(max-width: 362px) 100vw, 362px\" title=\"\"> <img decoding=\"async\" class=\"lazyload alignnone wp-image-5082 size-full\" src=\"https:\/\/nanotechvietnam.com\/wp-content\/uploads\/2026\/01\/Mang-boc-VpCI-5.png\" data-orig-src=\"https:\/\/nanotechvietnam.com\/wp-content\/uploads\/2026\/01\/Mang-boc-VpCI-5.png\" alt=\"\" width=\"367\" height=\"472\" srcset=\"data:image\/svg+xml,%3Csvg%20xmlns%3D%27http%3A%2F%2Fwww.w3.org%2F2000%2Fsvg%27%20width%3D%27367%27%20height%3D%27472%27%20viewBox%3D%270%200%20367%20472%27%3E%3Crect%20width%3D%27367%27%20height%3D%27472%27%20fill-opacity%3D%220%22%2F%3E%3C%2Fsvg%3E\" data-srcset=\"https:\/\/nanotechvietnam.com\/wp-content\/uploads\/2026\/01\/Mang-boc-VpCI-5-200x257.png 200w, https:\/\/nanotechvietnam.com\/wp-content\/uploads\/2026\/01\/Mang-boc-VpCI-5-233x300.png 233w, https:\/\/nanotechvietnam.com\/wp-content\/uploads\/2026\/01\/Mang-boc-VpCI-5.png 367w\" data-sizes=\"auto\" data-orig-sizes=\"(max-width: 367px) 100vw, 367px\" title=\"\"><\/li>\n<\/ul>\n","protected":false},"excerpt":{"rendered":"<p>1. M\u00e0ng b\u1ecdc VpCI\u00ae M\u00e0ng b\u1ecdc Cortec VpCI\u00ae hi\u1ec7u qu\u1ea3 cao, ti\u1ebft ki\u1ec7m chi ph\u00ed v\u00e0 d\u1ec5 s\u1eed d\u1ee5ng. M\u00e0ng [&hellip;]<\/p>\n","protected":false},"featured_media":5086,"comment_status":"open","ping_status":"closed","template":"","meta":[],"product_cat":[217,216],"product_tag":[],"_links":{"self":[{"href":"https:\/\/nanotechvietnam.com\/en\/wp-json\/wp\/v2\/product\/5075"}],"collection":[{"href":"https:\/\/nanotechvietnam.com\/en\/wp-json\/wp\/v2\/product"}],"about":[{"href":"https:\/\/nanotechvietnam.com\/en\/wp-json\/wp\/v2\/types\/product"}],"replies":[{"embeddable":true,"href":"https:\/\/nanotechvietnam.com\/en\/wp-json\/wp\/v2\/comments?post=5075"}],"wp:featuredmedia":[{"embeddable":true,"href":"https:\/\/nanotechvietnam.com\/en\/wp-json\/wp\/v2\/media\/5086"}],"wp:attachment":[{"href":"https:\/\/nanotechvietnam.com\/en\/wp-json\/wp\/v2\/media?parent=5075"}],"wp:term":[{"taxonomy":"product_cat","embeddable":true,"href":"https:\/\/nanotechvietnam.com\/en\/wp-json\/wp\/v2\/product_cat?post=5075"},{"taxonomy":"product_tag","embeddable":true,"href":"https:\/\/nanotechvietnam.com\/en\/wp-json\/wp\/v2\/product_tag?post=5075"}],"curies":[{"name":"wp","href":"https:\/\/api.w.org\/{rel}","templated":true}]}}