{"id":4939,"date":"2025-05-09T04:50:39","date_gmt":"2025-05-09T04:50:39","guid":{"rendered":"https:\/\/nanotechvietnam.com\/?post_type=product&#038;p=4939"},"modified":"2025-11-12T23:51:59","modified_gmt":"2025-11-12T23:51:59","slug":"que-han","status":"publish","type":"product","link":"https:\/\/nanotechvietnam.com\/en\/product\/que-han\/","title":{"rendered":"QUE H\u00c0N"},"content":{"rendered":"<p><strong>1.CM-96 <\/strong><\/p>\n<ul>\n<li>\u1ee8ng d\u1ee5ng: H\u00e0n th\u00e9p 1,25%Cr-0,5%Mo d\u00f9ng cho \u1ed1ng si\u00eau nhi\u1ec7t, \u1ed1ng h\u01a1i v\u00e0 \u1ed1ng g\u00f3p c\u1ee7a n\u1ed3i h\u01a1i trong nh\u00e0 m\u00e1y \u0111i\u1ec7n v\u00e0 thi\u1ebft b\u1ecb trong ng\u00e0nh l\u1ecdc d\u1ea7u.<\/li>\n<li>\u0110\u1eb7c \u0111i\u1ec3m: CM-96 l\u00e0 lo\u1ea1i \u0111i\u1ec7n c\u1ef1c hydro th\u1ea5p d\u00f9ng cho h\u00e0n m\u1ecdi v\u1ecb tr\u00ed, cung c\u1ea5p kim lo\u1ea1i h\u00e0n 1,25%Cr-0,5%Mo<\/li>\n<li>L\u01b0u \u00fd khi s\u1eed d\u1ee5ng:<\/li>\n<\/ul>\n<p>(1) L\u00e0m kh\u00f4 \u0111i\u1ec7n c\u1ef1c \u1edf nhi\u1ec7t \u0111\u1ed9 325~375\u2103 trong kho\u1ea3ng m\u1ed9t gi\u1edd tr\u01b0\u1edbc khi s\u1eed d\u1ee5ng.<\/p>\n<p>(2) L\u00e0m n\u00f3ng tr\u01b0\u1edbc \u1edf nhi\u1ec7t \u0111\u1ed9 150~300\u2103 v\u00e0 l\u00e0m n\u00f3ng sau \u1edf nhi\u1ec7t \u0111\u1ed9 670~730\u2103.<\/p>\n<ul>\n<li>Th\u00e0nh ph\u1ea7n h\u00f3a h\u1ecdc \u0111i\u1ec3n h\u00ecnh c\u1ee7a kim lo\u1ea1i h\u00e0n (%):<\/li>\n<\/ul>\n<p style=\"padding-left: 80px;\"><img decoding=\"async\" class=\"lazyload wp-image-4940 size-full alignleft\" src=\"https:\/\/nanotechvietnam.com\/wp-content\/uploads\/2025\/05\/Thanh-phan-hoa-hoc-cm96.png\" data-orig-src=\"https:\/\/nanotechvietnam.com\/wp-content\/uploads\/2025\/05\/Thanh-phan-hoa-hoc-cm96.png\" alt=\"\" width=\"582\" height=\"62\" srcset=\"data:image\/svg+xml,%3Csvg%20xmlns%3D%27http%3A%2F%2Fwww.w3.org%2F2000%2Fsvg%27%20width%3D%27582%27%20height%3D%2762%27%20viewBox%3D%270%200%20582%2062%27%3E%3Crect%20width%3D%27582%27%20height%3D%2762%27%20fill-opacity%3D%220%22%2F%3E%3C%2Fsvg%3E\" data-srcset=\"https:\/\/nanotechvietnam.com\/wp-content\/uploads\/2025\/05\/Thanh-phan-hoa-hoc-cm96-200x21.png 200w, https:\/\/nanotechvietnam.com\/wp-content\/uploads\/2025\/05\/Thanh-phan-hoa-hoc-cm96-300x32.png 300w, https:\/\/nanotechvietnam.com\/wp-content\/uploads\/2025\/05\/Thanh-phan-hoa-hoc-cm96-400x43.png 400w, https:\/\/nanotechvietnam.com\/wp-content\/uploads\/2025\/05\/Thanh-phan-hoa-hoc-cm96.png 582w\" data-sizes=\"auto\" data-orig-sizes=\"(max-width: 582px) 100vw, 582px\" title=\"\"><\/p>\n<p>&nbsp;<\/p>\n<p>&nbsp;<\/p>\n<ul>\n<li>C\u00e1c t\u00ednh ch\u1ea5t c\u01a1 h\u1ecdc \u0111i\u1ec3n h\u00ecnh c\u1ee7a kim lo\u1ea1i h\u00e0n:<\/li>\n<\/ul>\n<p style=\"padding-left: 80px;\"><img decoding=\"async\" class=\"lazyload wp-image-4942 size-full alignnone\" src=\"https:\/\/nanotechvietnam.com\/wp-content\/uploads\/2025\/05\/tinh-chat-co-hoc-cm96.png\" data-orig-src=\"https:\/\/nanotechvietnam.com\/wp-content\/uploads\/2025\/05\/tinh-chat-co-hoc-cm96.png\" alt=\"\" width=\"576\" height=\"53\" srcset=\"data:image\/svg+xml,%3Csvg%20xmlns%3D%27http%3A%2F%2Fwww.w3.org%2F2000%2Fsvg%27%20width%3D%27576%27%20height%3D%2753%27%20viewBox%3D%270%200%20576%2053%27%3E%3Crect%20width%3D%27576%27%20height%3D%2753%27%20fill-opacity%3D%220%22%2F%3E%3C%2Fsvg%3E\" data-srcset=\"https:\/\/nanotechvietnam.com\/wp-content\/uploads\/2025\/05\/tinh-chat-co-hoc-cm96-200x18.png 200w, https:\/\/nanotechvietnam.com\/wp-content\/uploads\/2025\/05\/tinh-chat-co-hoc-cm96-300x28.png 300w, https:\/\/nanotechvietnam.com\/wp-content\/uploads\/2025\/05\/tinh-chat-co-hoc-cm96-400x37.png 400w, https:\/\/nanotechvietnam.com\/wp-content\/uploads\/2025\/05\/tinh-chat-co-hoc-cm96.png 576w\" data-sizes=\"auto\" data-orig-sizes=\"(max-width: 576px) 100vw, 576px\" title=\"\"><\/p>\n<ul>\n<li>K\u00edch th\u01b0\u1edbc v\u00e0 ph\u1ea1m vi d\u00f2ng \u0111i\u1ec7n khuy\u1ebfn ngh\u1ecb (AC ho\u1eb7c DC + ) :<\/li>\n<\/ul>\n<p style=\"padding-left: 80px;\"><img decoding=\"async\" class=\"lazyload alignnone wp-image-4944 size-full\" src=\"https:\/\/nanotechvietnam.com\/wp-content\/uploads\/2025\/05\/kich-thuoc-va-pham-vi-dong-dien-cm96.png\" data-orig-src=\"https:\/\/nanotechvietnam.com\/wp-content\/uploads\/2025\/05\/kich-thuoc-va-pham-vi-dong-dien-cm96.png\" alt=\"\" width=\"571\" height=\"96\" srcset=\"data:image\/svg+xml,%3Csvg%20xmlns%3D%27http%3A%2F%2Fwww.w3.org%2F2000%2Fsvg%27%20width%3D%27571%27%20height%3D%2796%27%20viewBox%3D%270%200%20571%2096%27%3E%3Crect%20width%3D%27571%27%20height%3D%2796%27%20fill-opacity%3D%220%22%2F%3E%3C%2Fsvg%3E\" data-srcset=\"https:\/\/nanotechvietnam.com\/wp-content\/uploads\/2025\/05\/kich-thuoc-va-pham-vi-dong-dien-cm96-200x34.png 200w, https:\/\/nanotechvietnam.com\/wp-content\/uploads\/2025\/05\/kich-thuoc-va-pham-vi-dong-dien-cm96-300x50.png 300w, https:\/\/nanotechvietnam.com\/wp-content\/uploads\/2025\/05\/kich-thuoc-va-pham-vi-dong-dien-cm96-400x67.png 400w, https:\/\/nanotechvietnam.com\/wp-content\/uploads\/2025\/05\/kich-thuoc-va-pham-vi-dong-dien-cm96.png 571w\" data-sizes=\"auto\" data-orig-sizes=\"(max-width: 571px) 100vw, 571px\" title=\"\"><\/p>\n<p><strong>2. CM-98<\/strong><\/p>\n<p>&#8211; \u1ee8ng d\u1ee5ng: H\u00e0n th\u00e9p 1,25%Cr-0,5%Mo d\u00f9ng cho \u0111\u01b0\u1eddng \u1ed1ng h\u01a1i c\u1ee7a l\u00f2 h\u01a1i cho nh\u00e0 m\u00e1y \u0111i\u1ec7n v\u00e0 s\u1eeda ch\u1eefa th\u00e9p \u0111\u00fac, thi\u1ebft b\u1ecb cho ng\u00e0nh l\u1ecdc d\u1ea7u v\u00e0 ng\u00e0nh h\u00f3a ch\u1ea5t t\u1ed5ng h\u1ee3p ch\u1ecbu nhi\u1ec7t \u0111\u1ed9 cao.<\/p>\n<p>&#8211; \u0110\u1eb7c \u0111i\u1ec3m: CM-98 l\u00e0 \u0111i\u1ec7n c\u1ef1c lo\u1ea1i b\u1ed9t s\u1eaft c\u00f3 h\u00e0m l\u01b0\u1ee3ng hydro th\u1ea5p. Nh\u1edd hi\u1ec7u su\u1ea5t l\u00e0m vi\u1ec7c cao n\u00e0y, n\u00f3 ph\u00f9 h\u1ee3p nh\u1ea5t \u0111\u1ec3 h\u00e0n \u0111\u01b0\u1eddng \u1ed1ng h\u01a1i d\u00e0y v\u00e0 h\u00e0n s\u1eeda ch\u1eefa th\u00e9p \u0111\u00fac.<\/p>\n<p>&#8211; L\u01b0u \u00fd khi s\u1eed d\u1ee5ng:<\/p>\n<ul>\n<li>L\u00e0m kh\u00f4 \u0111i\u1ec7n c\u1ef1c \u1edf nhi\u1ec7t \u0111\u1ed9 325~375\u2103 trong kho\u1ea3ng m\u1ed9t gi\u1edd tr\u01b0\u1edbc khi s\u1eed d\u1ee5ng.<\/li>\n<li>L\u00e0m n\u00f3ng tr\u01b0\u1edbc \u1edf nhi\u1ec7t \u0111\u1ed9 150~300\u2103 v\u00e0 l\u00e0m n\u00f3ng sau \u1edf nhi\u1ec7t \u0111\u1ed9 670~730<\/li>\n<\/ul>\n<p>&#8211; Th\u00e0nh ph\u1ea7n h\u00f3a h\u1ecdc \u0111i\u1ec3n h\u00ecnh c\u1ee7a kim lo\u1ea1i h\u00e0n (%):<\/p>\n<p style=\"padding-left: 80px;\"><img decoding=\"async\" class=\"lazyload alignnone wp-image-4946 size-full\" src=\"https:\/\/nanotechvietnam.com\/wp-content\/uploads\/2025\/05\/Thanh-phan-hoa-hoc-cm98.png\" data-orig-src=\"https:\/\/nanotechvietnam.com\/wp-content\/uploads\/2025\/05\/Thanh-phan-hoa-hoc-cm98.png\" alt=\"\" width=\"576\" height=\"57\" srcset=\"data:image\/svg+xml,%3Csvg%20xmlns%3D%27http%3A%2F%2Fwww.w3.org%2F2000%2Fsvg%27%20width%3D%27576%27%20height%3D%2757%27%20viewBox%3D%270%200%20576%2057%27%3E%3Crect%20width%3D%27576%27%20height%3D%2757%27%20fill-opacity%3D%220%22%2F%3E%3C%2Fsvg%3E\" data-srcset=\"https:\/\/nanotechvietnam.com\/wp-content\/uploads\/2025\/05\/Thanh-phan-hoa-hoc-cm98-200x20.png 200w, https:\/\/nanotechvietnam.com\/wp-content\/uploads\/2025\/05\/Thanh-phan-hoa-hoc-cm98-300x30.png 300w, https:\/\/nanotechvietnam.com\/wp-content\/uploads\/2025\/05\/Thanh-phan-hoa-hoc-cm98-400x40.png 400w, https:\/\/nanotechvietnam.com\/wp-content\/uploads\/2025\/05\/Thanh-phan-hoa-hoc-cm98.png 576w\" data-sizes=\"auto\" data-orig-sizes=\"(max-width: 576px) 100vw, 576px\" title=\"\"><\/p>\n<p>&#8211; C\u00e1c t\u00ednh ch\u1ea5t c\u01a1 h\u1ecdc \u0111i\u1ec3n h\u00ecnh c\u1ee7a kim lo\u1ea1i h\u00e0n:<\/p>\n<p style=\"padding-left: 80px;\"><img decoding=\"async\" class=\"lazyload alignnone wp-image-4948 size-full\" src=\"https:\/\/nanotechvietnam.com\/wp-content\/uploads\/2025\/05\/tinh-chat-co-hoc-cm98.png\" data-orig-src=\"https:\/\/nanotechvietnam.com\/wp-content\/uploads\/2025\/05\/tinh-chat-co-hoc-cm98.png\" alt=\"\" width=\"572\" height=\"70\" srcset=\"data:image\/svg+xml,%3Csvg%20xmlns%3D%27http%3A%2F%2Fwww.w3.org%2F2000%2Fsvg%27%20width%3D%27572%27%20height%3D%2770%27%20viewBox%3D%270%200%20572%2070%27%3E%3Crect%20width%3D%27572%27%20height%3D%2770%27%20fill-opacity%3D%220%22%2F%3E%3C%2Fsvg%3E\" data-srcset=\"https:\/\/nanotechvietnam.com\/wp-content\/uploads\/2025\/05\/tinh-chat-co-hoc-cm98-200x24.png 200w, https:\/\/nanotechvietnam.com\/wp-content\/uploads\/2025\/05\/tinh-chat-co-hoc-cm98-300x37.png 300w, https:\/\/nanotechvietnam.com\/wp-content\/uploads\/2025\/05\/tinh-chat-co-hoc-cm98-400x49.png 400w, https:\/\/nanotechvietnam.com\/wp-content\/uploads\/2025\/05\/tinh-chat-co-hoc-cm98.png 572w\" data-sizes=\"auto\" data-orig-sizes=\"(max-width: 572px) 100vw, 572px\" title=\"\"><\/p>\n<p>&#8211; \u0110\u1ed9 b\u1ec1n \u0111\u1ee9t g\u00e3y \u0111i\u1ec3n h\u00ecnh:<\/p>\n<p style=\"padding-left: 80px;\"><img decoding=\"async\" class=\"lazyload wp-image-4950 size-full alignnone\" src=\"https:\/\/nanotechvietnam.com\/wp-content\/uploads\/2025\/05\/do-ben-dut-gay-cm98.png\" data-orig-src=\"https:\/\/nanotechvietnam.com\/wp-content\/uploads\/2025\/05\/do-ben-dut-gay-cm98.png\" alt=\"\" width=\"570\" height=\"54\" srcset=\"data:image\/svg+xml,%3Csvg%20xmlns%3D%27http%3A%2F%2Fwww.w3.org%2F2000%2Fsvg%27%20width%3D%27570%27%20height%3D%2754%27%20viewBox%3D%270%200%20570%2054%27%3E%3Crect%20width%3D%27570%27%20height%3D%2754%27%20fill-opacity%3D%220%22%2F%3E%3C%2Fsvg%3E\" data-srcset=\"https:\/\/nanotechvietnam.com\/wp-content\/uploads\/2025\/05\/do-ben-dut-gay-cm98-200x19.png 200w, https:\/\/nanotechvietnam.com\/wp-content\/uploads\/2025\/05\/do-ben-dut-gay-cm98-300x28.png 300w, https:\/\/nanotechvietnam.com\/wp-content\/uploads\/2025\/05\/do-ben-dut-gay-cm98-400x38.png 400w, https:\/\/nanotechvietnam.com\/wp-content\/uploads\/2025\/05\/do-ben-dut-gay-cm98.png 570w\" data-sizes=\"auto\" data-orig-sizes=\"(max-width: 570px) 100vw, 570px\" title=\"\"><\/p>\n<p>&#8211; K\u00edch th\u01b0\u1edbc v\u00e0 ph\u1ea1m vi d\u00f2ng \u0111i\u1ec7n khuy\u1ebfn ngh\u1ecb (AC ho\u1eb7c DC + ):<\/p>\n<p style=\"padding-left: 80px;\"><img decoding=\"async\" class=\"lazyload wp-image-4952 size-full alignnone\" src=\"https:\/\/nanotechvietnam.com\/wp-content\/uploads\/2025\/05\/kich-thuoc-va-pham-vi-dong-dien-cm98.png\" data-orig-src=\"https:\/\/nanotechvietnam.com\/wp-content\/uploads\/2025\/05\/kich-thuoc-va-pham-vi-dong-dien-cm98.png\" alt=\"\" width=\"568\" height=\"99\" srcset=\"data:image\/svg+xml,%3Csvg%20xmlns%3D%27http%3A%2F%2Fwww.w3.org%2F2000%2Fsvg%27%20width%3D%27568%27%20height%3D%2799%27%20viewBox%3D%270%200%20568%2099%27%3E%3Crect%20width%3D%27568%27%20height%3D%2799%27%20fill-opacity%3D%220%22%2F%3E%3C%2Fsvg%3E\" data-srcset=\"https:\/\/nanotechvietnam.com\/wp-content\/uploads\/2025\/05\/kich-thuoc-va-pham-vi-dong-dien-cm98-200x35.png 200w, https:\/\/nanotechvietnam.com\/wp-content\/uploads\/2025\/05\/kich-thuoc-va-pham-vi-dong-dien-cm98-300x52.png 300w, https:\/\/nanotechvietnam.com\/wp-content\/uploads\/2025\/05\/kich-thuoc-va-pham-vi-dong-dien-cm98-400x70.png 400w, https:\/\/nanotechvietnam.com\/wp-content\/uploads\/2025\/05\/kich-thuoc-va-pham-vi-dong-dien-cm98.png 568w\" data-sizes=\"auto\" data-orig-sizes=\"(max-width: 568px) 100vw, 568px\" title=\"\"><\/p>\n<p><strong>3. CM-108<\/strong><\/p>\n<p>&#8211;\u00a0\u00a0\u00a0\u00a0 \u1ee8ng d\u1ee5ng: H\u00e0n th\u00e9p 2,25%Cr-1%Mo d\u00f9ng cho \u1ed1ng si\u00eau nhi\u1ec7t v\u00e0 \u1ed1ng h\u01a1i c\u1ee7a n\u1ed3i h\u01a1i cho nh\u00e0 m\u00e1y \u0111i\u1ec7n v\u00e0 s\u1eed d\u1ee5ng tr\u00ean bi\u1ec3n, thi\u1ebft b\u1ecb cho ng\u00e0nh c\u00f4ng nghi\u1ec7p l\u1ecdc d\u1ea7u v\u00e0 ng\u00e0nh c\u00f4ng nghi\u1ec7p h\u00f3a ch\u1ea5t t\u1ed5ng h\u1ee3p nhi\u1ec7t \u0111\u1ed9 cao.<\/p>\n<p>&#8211;\u00a0\u00a0\u00a0\u00a0 \u0110\u1eb7c \u0111i\u1ec3m: CM-108 l\u00e0 \u0111i\u1ec7n c\u1ef1c lo\u1ea1i b\u1ed9t s\u1eaft \u00edt hydro d\u00f9ng cho th\u00e9p 2,25%Cr-1%Mo d\u00f9ng cho \u0111\u01b0\u1eddng \u1ed1ng h\u01a1i ch\u00ednh, v.v. Th\u00edch h\u1ee3p \u0111\u1ec3 h\u00e0n hi\u1ec7u qu\u1ea3 cao c\u00e1c \u0111\u01b0\u1eddng \u1ed1ng h\u01a1i d\u00e0y v\u00e0 s\u1eeda ch\u1eefa th\u00e9p \u0111\u00fac.<\/p>\n<p>&#8211;\u00a0\u00a0\u00a0\u00a0 L\u01b0u \u00fd khi s\u1eed d\u1ee5ng:<\/p>\n<ul>\n<li>L\u00e0m kh\u00f4 \u0111i\u1ec7n c\u1ef1c \u1edf nhi\u1ec7t \u0111\u1ed9 325~375\u2103 trong kho\u1ea3ng m\u1ed9t gi\u1edd tr\u01b0\u1edbc khi s\u1eed d\u1ee5ng.<\/li>\n<li>L\u00e0m n\u00f3ng tr\u01b0\u1edbc \u1edf nhi\u1ec7t \u0111\u1ed9 200~350\u2103 v\u00e0 l\u00e0m n\u00f3ng sau \u1edf nhi\u1ec7t \u0111\u1ed9 680~730\u2103.<\/li>\n<li>\u00c1p d\u1ee5ng ph\u01b0\u01a1ng ph\u00e1p b\u01b0\u1edbc l\u00f9i ho\u1eb7c \u0111\u00e1nh h\u1ed3 quang tr\u00ean m\u1ed9t t\u1ea5m th\u00e9p nh\u1ecf \u0111\u01b0\u1ee3c chu\u1ea9n b\u1ecb cho m\u1ee5c \u0111\u00edch c\u1ee5 th\u1ec3 n\u00e0y \u0111\u1ec3 tr\u00e1nh l\u1ed7 th\u1ee7ng khi b\u1eaft \u0111\u1ea7u h\u1ed3 quang.<\/li>\n<li>Gi\u1eef h\u1ed3 quang c\u00e0ng ng\u1eafn c\u00e0ng t\u1ed1t.<\/li>\n<\/ul>\n<p>&#8211;\u00a0\u00a0\u00a0\u00a0 Th\u00e0nh ph\u1ea7n h\u00f3a h\u1ecdc \u0111i\u1ec3n h\u00ecnh c\u1ee7a kim lo\u1ea1i h\u00e0n (%):<\/p>\n<p style=\"padding-left: 80px;\"><img decoding=\"async\" class=\"lazyload wp-image-4959 size-full alignnone\" src=\"https:\/\/nanotechvietnam.com\/wp-content\/uploads\/2025\/05\/CM108_1.png\" data-orig-src=\"https:\/\/nanotechvietnam.com\/wp-content\/uploads\/2025\/05\/CM108_1.png\" alt=\"\" width=\"573\" height=\"51\" srcset=\"data:image\/svg+xml,%3Csvg%20xmlns%3D%27http%3A%2F%2Fwww.w3.org%2F2000%2Fsvg%27%20width%3D%27573%27%20height%3D%2751%27%20viewBox%3D%270%200%20573%2051%27%3E%3Crect%20width%3D%27573%27%20height%3D%2751%27%20fill-opacity%3D%220%22%2F%3E%3C%2Fsvg%3E\" data-srcset=\"https:\/\/nanotechvietnam.com\/wp-content\/uploads\/2025\/05\/CM108_1-200x18.png 200w, https:\/\/nanotechvietnam.com\/wp-content\/uploads\/2025\/05\/CM108_1-300x27.png 300w, https:\/\/nanotechvietnam.com\/wp-content\/uploads\/2025\/05\/CM108_1-400x36.png 400w, https:\/\/nanotechvietnam.com\/wp-content\/uploads\/2025\/05\/CM108_1.png 573w\" data-sizes=\"auto\" data-orig-sizes=\"(max-width: 573px) 100vw, 573px\" title=\"\"><\/p>\n<p>&#8211; \u00a0\u00a0\u00a0 C\u00e1c t\u00ednh ch\u1ea5t c\u01a1 h\u1ecdc \u0111i\u1ec3n h\u00ecnh c\u1ee7a kim lo\u1ea1i h\u00e0n:<\/p>\n<p style=\"padding-left: 80px;\"><img decoding=\"async\" class=\"lazyload wp-image-4961 size-full alignnone\" src=\"https:\/\/nanotechvietnam.com\/wp-content\/uploads\/2025\/05\/CM108_2.png\" data-orig-src=\"https:\/\/nanotechvietnam.com\/wp-content\/uploads\/2025\/05\/CM108_2.png\" alt=\"\" width=\"570\" height=\"73\" srcset=\"data:image\/svg+xml,%3Csvg%20xmlns%3D%27http%3A%2F%2Fwww.w3.org%2F2000%2Fsvg%27%20width%3D%27570%27%20height%3D%2773%27%20viewBox%3D%270%200%20570%2073%27%3E%3Crect%20width%3D%27570%27%20height%3D%2773%27%20fill-opacity%3D%220%22%2F%3E%3C%2Fsvg%3E\" data-srcset=\"https:\/\/nanotechvietnam.com\/wp-content\/uploads\/2025\/05\/CM108_2-200x26.png 200w, https:\/\/nanotechvietnam.com\/wp-content\/uploads\/2025\/05\/CM108_2-300x38.png 300w, https:\/\/nanotechvietnam.com\/wp-content\/uploads\/2025\/05\/CM108_2-400x51.png 400w, https:\/\/nanotechvietnam.com\/wp-content\/uploads\/2025\/05\/CM108_2.png 570w\" data-sizes=\"auto\" data-orig-sizes=\"(max-width: 570px) 100vw, 570px\" title=\"\"><\/p>\n<p>&#8211; \u00a0\u00a0\u00a0 K\u00edch th\u01b0\u1edbc v\u00e0 ph\u1ea1m vi d\u00f2ng \u0111i\u1ec7n khuy\u1ebfn ngh\u1ecb (AC ho\u1eb7c DC + ):<\/p>\n<p style=\"padding-left: 80px;\"><img decoding=\"async\" class=\"lazyload alignnone wp-image-4963 size-full\" src=\"https:\/\/nanotechvietnam.com\/wp-content\/uploads\/2025\/05\/CM108_3.png\" data-orig-src=\"https:\/\/nanotechvietnam.com\/wp-content\/uploads\/2025\/05\/CM108_3.png\" alt=\"\" width=\"565\" height=\"95\" srcset=\"data:image\/svg+xml,%3Csvg%20xmlns%3D%27http%3A%2F%2Fwww.w3.org%2F2000%2Fsvg%27%20width%3D%27565%27%20height%3D%2795%27%20viewBox%3D%270%200%20565%2095%27%3E%3Crect%20width%3D%27565%27%20height%3D%2795%27%20fill-opacity%3D%220%22%2F%3E%3C%2Fsvg%3E\" data-srcset=\"https:\/\/nanotechvietnam.com\/wp-content\/uploads\/2025\/05\/CM108_3-200x34.png 200w, https:\/\/nanotechvietnam.com\/wp-content\/uploads\/2025\/05\/CM108_3-300x50.png 300w, https:\/\/nanotechvietnam.com\/wp-content\/uploads\/2025\/05\/CM108_3-400x67.png 400w, https:\/\/nanotechvietnam.com\/wp-content\/uploads\/2025\/05\/CM108_3.png 565w\" data-sizes=\"auto\" data-orig-sizes=\"(max-width: 565px) 100vw, 565px\" title=\"\"><\/p>\n","protected":false},"excerpt":{"rendered":"<p><strong>1.CM-96 <\/strong><\/p>\n<ul>\n<li>\u1ee8ng d\u1ee5ng: H\u00e0n th\u00e9p 1,25%Cr-0,5%Mo d\u00f9ng cho \u1ed1ng si\u00eau nhi\u1ec7t, \u1ed1ng h\u01a1i v\u00e0 \u1ed1ng g\u00f3p c\u1ee7a n\u1ed3i h\u01a1i trong nh\u00e0 m\u00e1y \u0111i\u1ec7n v\u00e0 thi\u1ebft b\u1ecb trong ng\u00e0nh l\u1ecdc d\u1ea7u.<\/li>\n<li>\u0110\u1eb7c \u0111i\u1ec3m: CM-96 l\u00e0 lo\u1ea1i \u0111i\u1ec7n c\u1ef1c hydro th\u1ea5p d\u00f9ng cho h\u00e0n m\u1ecdi v\u1ecb tr\u00ed, cung c\u1ea5p kim lo\u1ea1i h\u00e0n 1,25%Cr-0,5%Mo<\/li>\n<li>L\u01b0u \u00fd khi s\u1eed d\u1ee5ng:<\/li>\n<\/ul>\n<p>(1) L\u00e0m kh\u00f4 \u0111i\u1ec7n c\u1ef1c \u1edf nhi\u1ec7t \u0111\u1ed9 325~375\u2103 trong kho\u1ea3ng m\u1ed9t gi\u1edd tr\u01b0\u1edbc khi s\u1eed d\u1ee5ng.<\/p>\n<p>(2) L\u00e0m n\u00f3ng tr\u01b0\u1edbc \u1edf nhi\u1ec7t \u0111\u1ed9 150~300\u2103 v\u00e0 l\u00e0m n\u00f3ng sau \u1edf nhi\u1ec7t \u0111\u1ed9 670~730\u2103.<\/p>\n<ul>\n<li>Th\u00e0nh ph\u1ea7n h\u00f3a h\u1ecdc \u0111i\u1ec3n h\u00ecnh c\u1ee7a kim lo\u1ea1i h\u00e0n (%):<\/li>\n<\/ul>\n","protected":false},"featured_media":4954,"comment_status":"open","ping_status":"closed","template":"","meta":[],"product_cat":[214,212],"product_tag":[],"_links":{"self":[{"href":"https:\/\/nanotechvietnam.com\/en\/wp-json\/wp\/v2\/product\/4939"}],"collection":[{"href":"https:\/\/nanotechvietnam.com\/en\/wp-json\/wp\/v2\/product"}],"about":[{"href":"https:\/\/nanotechvietnam.com\/en\/wp-json\/wp\/v2\/types\/product"}],"replies":[{"embeddable":true,"href":"https:\/\/nanotechvietnam.com\/en\/wp-json\/wp\/v2\/comments?post=4939"}],"wp:featuredmedia":[{"embeddable":true,"href":"https:\/\/nanotechvietnam.com\/en\/wp-json\/wp\/v2\/media\/4954"}],"wp:attachment":[{"href":"https:\/\/nanotechvietnam.com\/en\/wp-json\/wp\/v2\/media?parent=4939"}],"wp:term":[{"taxonomy":"product_cat","embeddable":true,"href":"https:\/\/nanotechvietnam.com\/en\/wp-json\/wp\/v2\/product_cat?post=4939"},{"taxonomy":"product_tag","embeddable":true,"href":"https:\/\/nanotechvietnam.com\/en\/wp-json\/wp\/v2\/product_tag?post=4939"}],"curies":[{"name":"wp","href":"https:\/\/api.w.org\/{rel}","templated":true}]}}