{"id":4870,"date":"2025-04-26T01:48:45","date_gmt":"2025-04-26T01:48:45","guid":{"rendered":"https:\/\/nanotechvietnam.com\/?post_type=product&#038;p=4870"},"modified":"2025-04-26T01:48:45","modified_gmt":"2025-04-26T01:48:45","slug":"bulong-f10t","status":"publish","type":"product","link":"https:\/\/nanotechvietnam.com\/en\/product\/bulong-f10t\/","title":{"rendered":"Bulong F10T"},"content":{"rendered":"<p>Bu l\u00f4ng F10T c\u00f3 c\u1ea5u t\u1ea1o nh\u01b0 m\u1ed9t bulong l\u1ee5c gi\u00e1c th\u00f4ng th\u01b0\u1eddng. Bao g\u1ed3m ph\u1ea7n \u0111\u1ea7u l\u1ee5c gi\u00e1c v\u00e0 ph\u1ea7n ren h\u1ec7 m\u00e9t.C\u00f3 \u0111\u1ed9 b\u1ec1n t\u01b0\u01a1ng \u0111\u01b0\u01a1ng v\u1edbi 10.9 v\u1ec1 k\u00edch th\u01b0\u1edbc, kh\u1ea3 n\u0103ng ch\u1ecbu k\u00e9o, ch\u1ecbu n\u00e9n, gi\u1edbi h\u1ea1n ch\u1ea3y, \u0111\u1ed9 gi\u00e3n d\u00e0i \u0111\u01b0\u1ee3c s\u1ea3n xu\u1ea5t theo ti\u00eau chu\u1ea9n c\u1ee7a Nh\u1eadt B\u1ea3n\u00a0JIS B1186.<\/p>\n<p><img decoding=\"async\" class=\"lazyload alignnone size-medium wp-image-4871\" src=\"https:\/\/nanotechvietnam.com\/wp-content\/uploads\/2025\/04\/bulong-F10T-300x134.jpg\" data-orig-src=\"https:\/\/nanotechvietnam.com\/wp-content\/uploads\/2025\/04\/bulong-F10T-300x134.jpg\" alt=\"\" width=\"300\" height=\"134\" srcset=\"data:image\/svg+xml,%3Csvg%20xmlns%3D%27http%3A%2F%2Fwww.w3.org%2F2000%2Fsvg%27%20width%3D%27300%27%20height%3D%27134%27%20viewBox%3D%270%200%20300%20134%27%3E%3Crect%20width%3D%27300%27%20height%3D%27134%27%20fill-opacity%3D%220%22%2F%3E%3C%2Fsvg%3E\" data-srcset=\"https:\/\/nanotechvietnam.com\/wp-content\/uploads\/2025\/04\/bulong-F10T-200x89.jpg 200w, https:\/\/nanotechvietnam.com\/wp-content\/uploads\/2025\/04\/bulong-F10T-300x134.jpg 300w, https:\/\/nanotechvietnam.com\/wp-content\/uploads\/2025\/04\/bulong-F10T-400x178.jpg 400w, https:\/\/nanotechvietnam.com\/wp-content\/uploads\/2025\/04\/bulong-F10T-600x267.jpg 600w, https:\/\/nanotechvietnam.com\/wp-content\/uploads\/2025\/04\/bulong-F10T-700x312.jpg 700w, https:\/\/nanotechvietnam.com\/wp-content\/uploads\/2025\/04\/bulong-F10T-768x342.jpg 768w, https:\/\/nanotechvietnam.com\/wp-content\/uploads\/2025\/04\/bulong-F10T-800x356.jpg 800w, https:\/\/nanotechvietnam.com\/wp-content\/uploads\/2025\/04\/bulong-F10T.jpg 804w\" data-sizes=\"auto\" data-orig-sizes=\"(max-width: 300px) 100vw, 300px\" title=\"\"><\/p>\n<h3 id=\"ftoc-heading-2\" class=\"ftwp-heading\">\u1ee8ng d\u1ee5ng<\/h3>\n<p>Bu l\u00f4ng F10T \u0111\u01b0\u1ee3c l\u00e0m t\u1eeb v\u1eadt li\u1ec7u c\u00f3 c\u1ea5p b\u1ec1n cao n\u00ean c\u00f3 kh\u1ea3 n\u0103ng ch\u1ecbu l\u1ef1c t\u1ed1t v\u00e0 l\u00e0 m\u1ed9t trong nh\u1eefng bulong thi c\u00f4ng kh\u00e1 d\u1ec5 d\u00e0ng n\u00ean th\u01b0\u1eddng \u0111\u01b0\u1ee3c s\u1eed d\u1ee5ng nhi\u1ec1u trong ng\u00e0nh c\u00f4ng nghi\u1ec7p \u0111\u01b0\u1eddng s\u1eaft, t\u00e0u ho\u1ea3 v\u00e0 c\u00e1c toa t\u00e0u ch\u1edf h\u00e0ng. Ngo\u00e0i ra c\u00f2n \u0111\u01b0\u1ee3c s\u1eed d\u1ee5ng trong vi\u1ec7c l\u1eafp gh\u00e9p nh\u00e0 ti\u1ec1n ch\u1ebf, nh\u00e0 c\u01b0\u1edfng c\u1ee7a c\u00e1c khu c\u00f4ng nghi\u1ec7p. \u0110\u1eb7c bi\u1ec7t trong c\u00e1c ng\u00e0nh y\u00eau c\u1ea7u c\u00f3 ch\u1ecbu t\u1ea3i l\u1edbn.<\/p>\n<p><img decoding=\"async\" class=\"lazyload alignnone size-medium wp-image-4873\" src=\"https:\/\/nanotechvietnam.com\/wp-content\/uploads\/2025\/04\/bulong-F10T-ung-dung-300x200.jpg\" data-orig-src=\"https:\/\/nanotechvietnam.com\/wp-content\/uploads\/2025\/04\/bulong-F10T-ung-dung-300x200.jpg\" alt=\"\" width=\"300\" height=\"200\" srcset=\"data:image\/svg+xml,%3Csvg%20xmlns%3D%27http%3A%2F%2Fwww.w3.org%2F2000%2Fsvg%27%20width%3D%27300%27%20height%3D%27200%27%20viewBox%3D%270%200%20300%20200%27%3E%3Crect%20width%3D%27300%27%20height%3D%27200%27%20fill-opacity%3D%220%22%2F%3E%3C%2Fsvg%3E\" data-srcset=\"https:\/\/nanotechvietnam.com\/wp-content\/uploads\/2025\/04\/bulong-F10T-ung-dung-200x133.jpg 200w, https:\/\/nanotechvietnam.com\/wp-content\/uploads\/2025\/04\/bulong-F10T-ung-dung-300x200.jpg 300w, https:\/\/nanotechvietnam.com\/wp-content\/uploads\/2025\/04\/bulong-F10T-ung-dung-400x267.jpg 400w, https:\/\/nanotechvietnam.com\/wp-content\/uploads\/2025\/04\/bulong-F10T-ung-dung-600x400.jpg 600w, https:\/\/nanotechvietnam.com\/wp-content\/uploads\/2025\/04\/bulong-F10T-ung-dung-700x467.jpg 700w, https:\/\/nanotechvietnam.com\/wp-content\/uploads\/2025\/04\/bulong-F10T-ung-dung-768x512.jpg 768w, https:\/\/nanotechvietnam.com\/wp-content\/uploads\/2025\/04\/bulong-F10T-ung-dung-800x533.jpg 800w, https:\/\/nanotechvietnam.com\/wp-content\/uploads\/2025\/04\/bulong-F10T-ung-dung-1024x683.jpg 1024w, https:\/\/nanotechvietnam.com\/wp-content\/uploads\/2025\/04\/bulong-F10T-ung-dung-1200x800.jpg 1200w, https:\/\/nanotechvietnam.com\/wp-content\/uploads\/2025\/04\/bulong-F10T-ung-dung-1536x1024.jpg 1536w\" data-sizes=\"auto\" data-orig-sizes=\"(max-width: 300px) 100vw, 300px\" title=\"\"><\/p>\n<h3 id=\"ftoc-heading-3\" class=\"ftwp-heading\">Ti\u00eau chu\u1ea9n bulong F10T<\/h3>\n<p><img decoding=\"async\" class=\"lazyload alignnone size-medium wp-image-4875\" src=\"https:\/\/nanotechvietnam.com\/wp-content\/uploads\/2025\/04\/bulong-f10t-ban-ve2-300x168.jpg\" data-orig-src=\"https:\/\/nanotechvietnam.com\/wp-content\/uploads\/2025\/04\/bulong-f10t-ban-ve2-300x168.jpg\" alt=\"\" width=\"300\" height=\"168\" srcset=\"data:image\/svg+xml,%3Csvg%20xmlns%3D%27http%3A%2F%2Fwww.w3.org%2F2000%2Fsvg%27%20width%3D%27300%27%20height%3D%27168%27%20viewBox%3D%270%200%20300%20168%27%3E%3Crect%20width%3D%27300%27%20height%3D%27168%27%20fill-opacity%3D%220%22%2F%3E%3C%2Fsvg%3E\" data-srcset=\"https:\/\/nanotechvietnam.com\/wp-content\/uploads\/2025\/04\/bulong-f10t-ban-ve2-200x112.jpg 200w, https:\/\/nanotechvietnam.com\/wp-content\/uploads\/2025\/04\/bulong-f10t-ban-ve2-300x168.jpg 300w, https:\/\/nanotechvietnam.com\/wp-content\/uploads\/2025\/04\/bulong-f10t-ban-ve2-400x225.jpg 400w, https:\/\/nanotechvietnam.com\/wp-content\/uploads\/2025\/04\/bulong-f10t-ban-ve2-600x337.jpg 600w, https:\/\/nanotechvietnam.com\/wp-content\/uploads\/2025\/04\/bulong-f10t-ban-ve2.jpg 684w\" data-sizes=\"auto\" data-orig-sizes=\"(max-width: 300px) 100vw, 300px\" title=\"\"><\/p>\n<h3 id=\"ftoc-heading-5\" class=\"ftwp-heading\">K\u00edch th\u01b0\u1edbc<\/h3>\n<table class=\"tg\" style=\"height: 260px;\" width=\"1195\">\n<thead>\n<tr>\n<th class=\"tg-y1v5\" style=\"text-align: center;\" rowspan=\"2\">Size<\/th>\n<th class=\"tg-y1v5\" style=\"text-align: center;\" colspan=\"2\">d<\/th>\n<th class=\"tg-y1v5\" style=\"text-align: center;\" colspan=\"2\">H<\/th>\n<th class=\"tg-y1v5\" style=\"text-align: center;\" colspan=\"2\">B<\/th>\n<th class=\"tg-y1v5\" style=\"text-align: center;\">C<\/th>\n<th class=\"tg-y1v5\" style=\"text-align: center;\">D<\/th>\n<th class=\"tg-y1v5\" style=\"text-align: center;\">D1<\/th>\n<th class=\"tg-y1v5\" style=\"text-align: center;\" rowspan=\"2\">r<\/th>\n<th class=\"tg-y1v5\" style=\"text-align: center;\">K<\/th>\n<th class=\"tg-y1v5\" style=\"text-align: center;\" rowspan=\"2\">h<\/th>\n<th class=\"tg-y1v5\" style=\"text-align: center;\" colspan=\"2\">S<\/th>\n<\/tr>\n<tr>\n<td class=\"tg-y1v5\" style=\"text-align: center;\">k\u00edch th\u01b0\u1edbc<br \/>\nchu\u1ea9n<\/td>\n<td class=\"tg-y1v5\" style=\"text-align: center;\">Sai s\u1ed1<br \/>\ncho ph\u00e9p<\/td>\n<td class=\"tg-y1v5\" style=\"text-align: center;\">k\u00edch th\u01b0\u1edbc<br \/>\nchu\u1ea9n<\/td>\n<td class=\"tg-y1v5\" style=\"text-align: center;\">Sai s\u1ed1<br \/>\ncho ph\u00e9p<\/td>\n<td class=\"tg-y1v5\" style=\"text-align: center;\">k\u00edch th\u01b0\u1edbc<br \/>\nchu\u1ea9n<\/td>\n<td class=\"tg-y1v5\" style=\"text-align: center;\">Sai s\u1ed1<br \/>\ncho ph\u00e9p<\/td>\n<td class=\"tg-y1v5\" style=\"text-align: center;\">x\u1ea5p x\u1ec9<\/td>\n<td class=\"tg-y1v5\" style=\"text-align: center;\">x\u1ea5p x\u1ec9<\/td>\n<td class=\"tg-y1v5\" style=\"text-align: center;\">Nh\u1ecf nh\u1ea5t<\/td>\n<td class=\"tg-8gj5\" style=\"text-align: center;\">x\u1ea5p x\u1ec9<\/td>\n<td class=\"tg-8gj5\" style=\"text-align: center;\">k\u00edch th\u01b0\u1edbc<br \/>\nchu\u1ea9n<\/td>\n<td class=\"tg-8gj5\" style=\"text-align: center;\">Sai s\u1ed1<br \/>\ncho ph\u00e9p<\/td>\n<\/tr>\n<\/thead>\n<tbody>\n<tr>\n<td class=\"tg-vxpg\" style=\"text-align: center;\">M12<\/td>\n<td class=\"tg-vxpg\" style=\"text-align: center;\">12<\/td>\n<td class=\"tg-vxpg\" style=\"text-align: center;\">+ 0.7<br \/>\n\u2013 0.2<\/td>\n<td class=\"tg-vxpg\" style=\"text-align: center;\">8<\/td>\n<td class=\"tg-vxpg\" style=\"text-align: center;\">+ 0.8<br \/>\n\u2013 0.8<\/td>\n<td class=\"tg-vxpg\" style=\"text-align: center;\">22<\/td>\n<td class=\"tg-vxpg\" style=\"text-align: center;\" rowspan=\"2\">+ 0.8<br \/>\n\u2013 0.8<\/td>\n<td class=\"tg-vxpg\" style=\"text-align: center;\">25.4<\/td>\n<td class=\"tg-vxpg\" style=\"text-align: center;\">20<\/td>\n<td class=\"tg-9lxg\" style=\"text-align: center;\">20<\/td>\n<td class=\"tg-vxpg\" style=\"text-align: center;\">0.8 ~ 0.16<\/td>\n<td class=\"tg-vxpg\" style=\"text-align: center;\" rowspan=\"2\">2<\/td>\n<td class=\"tg-vxpg\" style=\"text-align: center;\" rowspan=\"5\">0.4 ~ 0.8<\/td>\n<td class=\"tg-vxpg\" style=\"text-align: center;\">25<\/td>\n<td class=\"tg-vxpg\" style=\"text-align: center;\" rowspan=\"2\">+5<br \/>\n-0<\/td>\n<\/tr>\n<tr>\n<td class=\"tg-an6z\" style=\"text-align: center;\">M16<\/td>\n<td class=\"tg-an6z\" style=\"text-align: center;\">16<\/td>\n<td class=\"tg-an6z\" style=\"text-align: center;\" rowspan=\"4\">+ 0.8<br \/>\n\u2013 0.4<\/td>\n<td class=\"tg-an6z\" style=\"text-align: center;\">10<\/td>\n<td class=\"tg-an6z\" style=\"text-align: center;\" rowspan=\"4\">+ 0.9<br \/>\n\u2013 0.9<\/td>\n<td class=\"tg-an6z\" style=\"text-align: center;\">27<\/td>\n<td class=\"tg-an6z\" style=\"text-align: center;\">31.2<\/td>\n<td class=\"tg-an6z\" style=\"text-align: center;\">25<\/td>\n<td class=\"tg-wt3p\" style=\"text-align: center;\">25<\/td>\n<td class=\"tg-an6z\" style=\"text-align: center;\" rowspan=\"3\">1.2 ~ 2.0<\/td>\n<td class=\"tg-an6z\" style=\"text-align: center;\">30<\/td>\n<\/tr>\n<tr>\n<td class=\"tg-vxpg\" style=\"text-align: center;\">M20<\/td>\n<td class=\"tg-vxpg\" style=\"text-align: center;\">20<\/td>\n<td class=\"tg-vxpg\" style=\"text-align: center;\">13<\/td>\n<td class=\"tg-vxpg\" style=\"text-align: center;\">32<\/td>\n<td class=\"tg-an6z\" style=\"text-align: center;\" rowspan=\"3\">+0<br \/>\n-1<\/td>\n<td class=\"tg-vxpg\" style=\"text-align: center;\">37<\/td>\n<td class=\"tg-vxpg\" style=\"text-align: center;\">30<\/td>\n<td class=\"tg-vxpg\" style=\"text-align: center;\">29<\/td>\n<td class=\"tg-an6z\" style=\"text-align: center;\" rowspan=\"2\">2.5<\/td>\n<td class=\"tg-vxpg\" style=\"text-align: center;\">35<\/td>\n<td class=\"tg-an6z\" style=\"text-align: center;\" rowspan=\"3\">+6<br \/>\n-0<\/td>\n<\/tr>\n<tr>\n<td class=\"tg-an6z\" style=\"text-align: center;\">M22<\/td>\n<td class=\"tg-an6z\" style=\"text-align: center;\">22<\/td>\n<td class=\"tg-an6z\" style=\"text-align: center;\">14<\/td>\n<td class=\"tg-an6z\" style=\"text-align: center;\">36<\/td>\n<td class=\"tg-an6z\" style=\"text-align: center;\">41.6<\/td>\n<td class=\"tg-an6z\" style=\"text-align: center;\">34<\/td>\n<td class=\"tg-an6z\" style=\"text-align: center;\">33<\/td>\n<td class=\"tg-an6z\" style=\"text-align: center;\">40<\/td>\n<\/tr>\n<tr>\n<td class=\"tg-vxpg\" style=\"text-align: center;\">M24<\/td>\n<td class=\"tg-vxpg\" style=\"text-align: center;\">24<\/td>\n<td class=\"tg-vxpg\" style=\"text-align: center;\">15<\/td>\n<td class=\"tg-vxpg\" style=\"text-align: center;\">41<\/td>\n<td class=\"tg-vxpg\" style=\"text-align: center;\">47.3<\/td>\n<td class=\"tg-vxpg\" style=\"text-align: center;\">39<\/td>\n<td class=\"tg-vxpg\" style=\"text-align: center;\">38<\/td>\n<td class=\"tg-9lxg\" style=\"text-align: center;\">1.6 ~ 2.4<\/td>\n<td class=\"tg-vxpg\" style=\"text-align: center;\">3<\/td>\n<td class=\"tg-vxpg\" style=\"text-align: center;\">45<\/td>\n<\/tr>\n<\/tbody>\n<\/table>\n<h3 id=\"ftoc-heading-6\" class=\"ftwp-heading\">C\u01a1 t\u00ednh<\/h3>\n<table class=\"tg\" style=\"height: 207px;\" width=\"1190\">\n<thead>\n<tr>\n<th class=\"tg-y1v5\" rowspan=\"8\">F10T<\/th>\n<th class=\"tg-y1v5\" colspan=\"4\">M\u1eabu test tr\u00ean m\u00e1y<\/th>\n<th class=\"tg-y1v5\" colspan=\"4\">K\u00edch th\u01b0\u1edbc bulong<\/th>\n<\/tr>\n<tr>\n<td class=\"tg-y1v5\" style=\"text-align: center;\">Gi\u1edbi h\u1ea1n ch\u1ea3y<br \/>\nN\/mm<\/td>\n<td class=\"tg-y1v5\" style=\"text-align: center;\">Gi\u1edbi h\u1ea1n b\u1ec1n \u0111\u1ee9t<br \/>\nN\/mm<\/td>\n<td class=\"tg-y1v5\" style=\"text-align: center;\">\u0110\u1ed9 gi\u00e3n d\u00e0i<br \/>\n%<\/td>\n<td class=\"tg-y1v5\" style=\"text-align: center;\">Ti\u1ebft di\u1ec7n gi\u1ea3m<br \/>\n%<\/td>\n<td class=\"tg-y1v5\" style=\"text-align: center;\">Size<\/td>\n<td class=\"tg-y1v5\" style=\"text-align: center;\">\u1ee8ng su\u1ea5t k\u00e9o<br \/>\nmm<\/td>\n<td class=\"tg-y1v5\" style=\"text-align: center;\">Gi\u1edbi h\u1ea1n b\u1ec1n \u0111\u1ee9t<br \/>\nkN<\/td>\n<td class=\"tg-y1v5\" style=\"text-align: center;\">\u0110\u1ed9 c\u1ee9ng<br \/>\nHRC<\/td>\n<\/tr>\n<tr>\n<td class=\"tg-vxpg\" style=\"text-align: center;\" rowspan=\"6\">900<br \/>\n(Min)<\/td>\n<td class=\"tg-vxpg\" style=\"text-align: center;\" rowspan=\"6\">1000 ~ 1200<\/td>\n<td class=\"tg-vxpg\" style=\"text-align: center;\" rowspan=\"6\">14<br \/>\n(Min)<\/td>\n<td class=\"tg-vxpg\" style=\"text-align: center;\" rowspan=\"6\">40<br \/>\n(Min)<\/td>\n<td class=\"tg-vxpg\" style=\"text-align: center;\">16<\/td>\n<td class=\"tg-vxpg\" style=\"text-align: center;\">157<\/td>\n<td class=\"tg-9lxg\" style=\"text-align: center;\">157 Min<\/td>\n<td class=\"tg-vxpg\" style=\"text-align: center;\">27 \u2013 38<\/td>\n<\/tr>\n<tr>\n<td class=\"tg-an6z\" style=\"text-align: center;\">20<\/td>\n<td class=\"tg-an6z\" style=\"text-align: center;\">245<\/td>\n<td class=\"tg-wt3p\" style=\"text-align: center;\">245 Min<\/td>\n<td class=\"tg-wt3p\" style=\"text-align: center;\">27 \u2013 38<\/td>\n<\/tr>\n<tr>\n<td class=\"tg-vxpg\" style=\"text-align: center;\">22<\/td>\n<td class=\"tg-vxpg\" style=\"text-align: center;\">303<\/td>\n<td class=\"tg-9lxg\" style=\"text-align: center;\">303 Min<\/td>\n<td class=\"tg-9lxg\" style=\"text-align: center;\">27 \u2013 38<\/td>\n<\/tr>\n<tr>\n<td class=\"tg-an6z\" style=\"text-align: center;\">24<\/td>\n<td class=\"tg-an6z\" style=\"text-align: center;\">353<\/td>\n<td class=\"tg-wt3p\" style=\"text-align: center;\">353 Min<\/td>\n<td class=\"tg-wt3p\" style=\"text-align: center;\">27 \u2013 38<\/td>\n<\/tr>\n<tr>\n<td class=\"tg-vxpg\" style=\"text-align: center;\">27<\/td>\n<td class=\"tg-vxpg\" style=\"text-align: center;\">459<\/td>\n<td class=\"tg-9lxg\" style=\"text-align: center;\">459 Min<\/td>\n<td class=\"tg-9lxg\" style=\"text-align: center;\">27 \u2013 38<\/td>\n<\/tr>\n<tr>\n<td class=\"tg-an6z\" style=\"text-align: center;\">30<\/td>\n<td class=\"tg-an6z\" style=\"text-align: center;\">561<\/td>\n<td class=\"tg-wt3p\" style=\"text-align: center;\">561 Min<\/td>\n<td class=\"tg-wt3p\" style=\"text-align: center;\">27 \u2013 38<\/td>\n<\/tr>\n<\/thead>\n<\/table>\n<h3 id=\"ftoc-heading-7\" class=\"ftwp-heading\">Th\u00e0nh ph\u1ea7n ho\u00e1 h\u1ecdc<\/h3>\n<table class=\"tg\" style=\"height: 275px;\" width=\"1191\">\n<thead>\n<tr>\n<th class=\"tg-y1v5\" rowspan=\"2\">Lo\u1ea1i Bulong<\/th>\n<th class=\"tg-y1v5\" rowspan=\"2\">M\u00e1c th\u00e9p<\/th>\n<th class=\"tg-y1v5\" colspan=\"12\">Th\u00e0nh ph\u1ea7n<\/th>\n<\/tr>\n<tr>\n<td class=\"tg-y1v5\" style=\"text-align: center;\">C<\/td>\n<td class=\"tg-y1v5\" style=\"text-align: center;\">Si<\/td>\n<td class=\"tg-y1v5\" style=\"text-align: center;\">Mn<\/td>\n<td class=\"tg-y1v5\" style=\"text-align: center;\">P<\/td>\n<td class=\"tg-y1v5\" style=\"text-align: center;\">S<\/td>\n<td class=\"tg-y1v5\" style=\"text-align: center;\">Cr<\/td>\n<td class=\"tg-y1v5\" style=\"text-align: center;\">Ni<\/td>\n<td class=\"tg-y1v5\" style=\"text-align: center;\">Mo<\/td>\n<td class=\"tg-y1v5\" style=\"text-align: center;\">Cu<\/td>\n<td class=\"tg-y1v5\" style=\"text-align: center;\">Ti<\/td>\n<td class=\"tg-y1v5\" style=\"text-align: center;\">B<\/td>\n<td class=\"tg-y1v5\" style=\"text-align: center;\">Al<\/td>\n<\/tr>\n<\/thead>\n<tbody>\n<tr>\n<td class=\"tg-6hft\" style=\"text-align: center;\">F8T<br \/>\nF10T, S10T<\/td>\n<td class=\"tg-6hft\" style=\"text-align: center;\">21ATBA<\/td>\n<td class=\"tg-6hft\" style=\"text-align: center;\">0.21<\/td>\n<td class=\"tg-6hft\" style=\"text-align: center;\">0.07<\/td>\n<td class=\"tg-6hft\" style=\"text-align: center;\">0.89<\/td>\n<td class=\"tg-6hft\" style=\"text-align: center;\">0.019<\/td>\n<td class=\"tg-6hft\" style=\"text-align: center;\">0.010<\/td>\n<td class=\"tg-6hft\" style=\"text-align: center;\">0.14<\/td>\n<td class=\"tg-6hft\" style=\"text-align: center;\">0.01<\/td>\n<td class=\"tg-6hft\" style=\"text-align: center;\">\u2013<\/td>\n<td class=\"tg-6hft\" style=\"text-align: center;\">0.01<\/td>\n<td class=\"tg-6hft\" style=\"text-align: center;\">\u2013<\/td>\n<td class=\"tg-6hft\" style=\"text-align: center;\">0.0011<\/td>\n<td class=\"tg-6hft\" style=\"text-align: center;\">\u2013<\/td>\n<\/tr>\n<tr>\n<td class=\"tg-an6z\" style=\"text-align: center;\">F10T \u2013 W<br \/>\nS10T \u2013 W<\/td>\n<td class=\"tg-an6z\" style=\"text-align: center;\">SNC22BA<\/td>\n<td class=\"tg-an6z\" style=\"text-align: center;\">0.23<\/td>\n<td class=\"tg-an6z\" style=\"text-align: center;\">0.14<\/td>\n<td class=\"tg-an6z\" style=\"text-align: center;\">0.82<\/td>\n<td class=\"tg-an6z\" style=\"text-align: center;\">0.012<\/td>\n<td class=\"tg-an6z\" style=\"text-align: center;\">0.017<\/td>\n<td class=\"tg-an6z\" style=\"text-align: center;\">0.83<\/td>\n<td class=\"tg-an6z\" style=\"text-align: center;\">0.47<\/td>\n<td class=\"tg-an6z\" style=\"text-align: center;\">\u2013<\/td>\n<td class=\"tg-an6z\" style=\"text-align: center;\">0.42<\/td>\n<td class=\"tg-an6z\" style=\"text-align: center;\">\u2013<\/td>\n<td class=\"tg-an6z\" style=\"text-align: center;\">0.0011<\/td>\n<td class=\"tg-an6z\" style=\"text-align: center;\">\u2013<\/td>\n<\/tr>\n<tr>\n<td class=\"tg-6f9l\" style=\"text-align: center;\">F10T \u2013 NW<br \/>\nS10T \u2013 NW<\/td>\n<td class=\"tg-6hft\" style=\"text-align: center;\">SNB22BAT<\/td>\n<td class=\"tg-6hft\" style=\"text-align: center;\">0.23<\/td>\n<td class=\"tg-6hft\" style=\"text-align: center;\">0.30<\/td>\n<td class=\"tg-6hft\" style=\"text-align: center;\">0.90<\/td>\n<td class=\"tg-6hft\" style=\"text-align: center;\">0.011<\/td>\n<td class=\"tg-6hft\" style=\"text-align: center;\">0.013<\/td>\n<td class=\"tg-6hft\" style=\"text-align: center;\">0.04<\/td>\n<td class=\"tg-6hft\" style=\"text-align: center;\">1.44<\/td>\n<td class=\"tg-6hft\" style=\"text-align: center;\">\u2013<\/td>\n<td class=\"tg-6hft\" style=\"text-align: center;\">0.52<\/td>\n<td class=\"tg-6hft\" style=\"text-align: center;\">\u2013<\/td>\n<td class=\"tg-6hft\" style=\"text-align: center;\">0.0011<\/td>\n<td class=\"tg-6hft\" style=\"text-align: center;\">\u2013<\/td>\n<\/tr>\n<tr>\n<td class=\"tg-wt3p\" style=\"text-align: center;\">F10T \u2013 FR<br \/>\nS10T \u2013 FR<\/td>\n<td class=\"tg-an6z\" style=\"text-align: center;\">SCM822AFT<\/td>\n<td class=\"tg-an6z\" style=\"text-align: center;\">0.23<\/td>\n<td class=\"tg-an6z\" style=\"text-align: center;\">0.18<\/td>\n<td class=\"tg-an6z\" style=\"text-align: center;\">0.84<\/td>\n<td class=\"tg-an6z\" style=\"text-align: center;\">0.011<\/td>\n<td class=\"tg-an6z\" style=\"text-align: center;\">0.011<\/td>\n<td class=\"tg-an6z\" style=\"text-align: center;\">1.10<\/td>\n<td class=\"tg-an6z\" style=\"text-align: center;\">0.02<\/td>\n<td class=\"tg-an6z\" style=\"text-align: center;\">0.31<\/td>\n<td class=\"tg-an6z\" style=\"text-align: center;\">0.01<\/td>\n<td class=\"tg-an6z\" style=\"text-align: center;\"><\/td>\n<td class=\"tg-an6z\" style=\"text-align: center;\">M:0.011<\/td>\n<td class=\"tg-an6z\" style=\"text-align: center;\">\u2013<\/td>\n<\/tr>\n<\/tbody>\n<\/table>\n<h3 id=\"ftoc-heading-8\" class=\"ftwp-heading\">T\u00e1n \u0111i k\u00e8m<\/h3>\n<table class=\"tg\" style=\"height: 54px;\" width=\"867\">\n<thead>\n<tr>\n<th class=\"tg-y1v5\">T\u00e1n<\/th>\n<th class=\"tg-y1v5\">\u0110\u1ed9ng c\u1ee9ng<\/th>\n<th class=\"tg-y1v5\">\u1ee8ng su\u1ea5t th\u1eed<\/th>\n<\/tr>\n<\/thead>\n<tbody>\n<tr>\n<td class=\"tg-6hft\" style=\"text-align: center;\">F10<\/td>\n<td class=\"tg-6hft\" style=\"text-align: center;\">HRB 95 ~ HRC 35<\/td>\n<td class=\"tg-6hft\" style=\"text-align: center;\">T\u01b0\u01a1ng \u0111\u01b0\u01a1ng v\u1edbi bulong<\/td>\n<\/tr>\n<\/tbody>\n<\/table>\n<h3 id=\"ftoc-heading-9\" class=\"ftwp-heading\">Long \u0111\u1ec1n \u0111i k\u00e8m<\/h3>\n<table class=\"tg\" style=\"height: 45px;\" width=\"869\">\n<thead>\n<tr>\n<th class=\"tg-y1v5\">Long \u0111\u1ec1n<\/th>\n<th class=\"tg-y1v5\">\u0110\u1ed9 c\u1ee9ng<\/th>\n<\/tr>\n<\/thead>\n<tbody>\n<tr>\n<td class=\"tg-6hft\" style=\"text-align: center;\">F35<\/td>\n<td class=\"tg-6hft\" style=\"text-align: center;\">HRC 35 ~ 45<\/td>\n<\/tr>\n<\/tbody>\n<\/table>\n<h3 id=\"ftoc-heading-10\" class=\"ftwp-heading\">L\u1edbp m\u1ea1<\/h3>\n<p><img decoding=\"async\" class=\"lazyload alignnone size-medium wp-image-4879\" src=\"https:\/\/nanotechvietnam.com\/wp-content\/uploads\/2025\/04\/bulong-f10t-ban-ve3-300x200.jpg\" data-orig-src=\"https:\/\/nanotechvietnam.com\/wp-content\/uploads\/2025\/04\/bulong-f10t-ban-ve3-300x200.jpg\" alt=\"\" width=\"300\" height=\"200\" srcset=\"data:image\/svg+xml,%3Csvg%20xmlns%3D%27http%3A%2F%2Fwww.w3.org%2F2000%2Fsvg%27%20width%3D%27300%27%20height%3D%27200%27%20viewBox%3D%270%200%20300%20200%27%3E%3Crect%20width%3D%27300%27%20height%3D%27200%27%20fill-opacity%3D%220%22%2F%3E%3C%2Fsvg%3E\" data-srcset=\"https:\/\/nanotechvietnam.com\/wp-content\/uploads\/2025\/04\/bulong-f10t-ban-ve3-200x133.jpg 200w, https:\/\/nanotechvietnam.com\/wp-content\/uploads\/2025\/04\/bulong-f10t-ban-ve3-300x200.jpg 300w, https:\/\/nanotechvietnam.com\/wp-content\/uploads\/2025\/04\/bulong-f10t-ban-ve3-400x267.jpg 400w, https:\/\/nanotechvietnam.com\/wp-content\/uploads\/2025\/04\/bulong-f10t-ban-ve3-600x400.jpg 600w, https:\/\/nanotechvietnam.com\/wp-content\/uploads\/2025\/04\/bulong-f10t-ban-ve3-700x467.jpg 700w, https:\/\/nanotechvietnam.com\/wp-content\/uploads\/2025\/04\/bulong-f10t-ban-ve3-768x512.jpg 768w, https:\/\/nanotechvietnam.com\/wp-content\/uploads\/2025\/04\/bulong-f10t-ban-ve3-800x533.jpg 800w, https:\/\/nanotechvietnam.com\/wp-content\/uploads\/2025\/04\/bulong-f10t-ban-ve3-1024x683.jpg 1024w, https:\/\/nanotechvietnam.com\/wp-content\/uploads\/2025\/04\/bulong-f10t-ban-ve3-1200x800.jpg 1200w, https:\/\/nanotechvietnam.com\/wp-content\/uploads\/2025\/04\/bulong-f10t-ban-ve3-1536x1024.jpg 1536w\" data-sizes=\"auto\" data-orig-sizes=\"(max-width: 300px) 100vw, 300px\" title=\"\"><\/p>\n<p>Bu l\u00f4ng F10T th\u00f4ng th\u01b0\u1eddng \u0111\u01b0\u1ee3c s\u1eed d\u1ee5ng \u1edf d\u1ea1ng th\u00f4 ho\u1eb7c geomet. Tuy nhi\u00ean s\u1ebd c\u00f3 tr\u01b0\u1eddng h\u1ee3p c\u1ea7n m\u1ea1 k\u1ebdm \u0111i\u1ec7n ph\u00e2n, nh\u00fang n\u00f3ng ho\u1eb7c dacromet. Alpha Fastener lu\u00f4n h\u1ed7 tr\u1ee3 kh\u00e1ch h\u00e0ng v\u1ec1 v\u1ea5n \u0111\u1ec1 x\u1eed l\u00fd b\u1ec1 m\u1eb7t \u0111\u1ec3 ph\u00f9 h\u1ee3p v\u1edbi m\u1ecdi y\u00eau c\u1ea7u c\u1ee7a\u00a0<em class=\"Highlight\">c\u00f4<\/em>ng tr\u00ecnh.<\/p>\n","protected":false},"excerpt":{"rendered":"<p>Bu l\u00f4ng F10T c\u00f3 c\u1ea5u t\u1ea1o nh\u01b0 m\u1ed9t bulong l\u1ee5c gi\u00e1c th\u00f4ng th\u01b0\u1eddng. Bao g\u1ed3m ph\u1ea7n \u0111\u1ea7u l\u1ee5c gi\u00e1c v\u00e0 ph\u1ea7n ren h\u1ec7 m\u00e9t.C\u00f3 \u0111\u1ed9 b\u1ec1n t\u01b0\u01a1ng \u0111\u01b0\u01a1ng v\u1edbi 10.9 v\u1ec1 k\u00edch th\u01b0\u1edbc, kh\u1ea3 n\u0103ng ch\u1ecbu k\u00e9o, ch\u1ecbu n\u00e9n, gi\u1edbi h\u1ea1n ch\u1ea3y, \u0111\u1ed9 gi\u00e3n d\u00e0i \u0111\u01b0\u1ee3c s\u1ea3n xu\u1ea5t theo ti\u00eau chu\u1ea9n c\u1ee7a Nh\u1eadt B\u1ea3n\u00a0JIS B1186.<\/p>\n","protected":false},"featured_media":4879,"comment_status":"open","ping_status":"closed","template":"","meta":[],"product_cat":[209,207],"product_tag":[],"_links":{"self":[{"href":"https:\/\/nanotechvietnam.com\/en\/wp-json\/wp\/v2\/product\/4870"}],"collection":[{"href":"https:\/\/nanotechvietnam.com\/en\/wp-json\/wp\/v2\/product"}],"about":[{"href":"https:\/\/nanotechvietnam.com\/en\/wp-json\/wp\/v2\/types\/product"}],"replies":[{"embeddable":true,"href":"https:\/\/nanotechvietnam.com\/en\/wp-json\/wp\/v2\/comments?post=4870"}],"wp:featuredmedia":[{"embeddable":true,"href":"https:\/\/nanotechvietnam.com\/en\/wp-json\/wp\/v2\/media\/4879"}],"wp:attachment":[{"href":"https:\/\/nanotechvietnam.com\/en\/wp-json\/wp\/v2\/media?parent=4870"}],"wp:term":[{"taxonomy":"product_cat","embeddable":true,"href":"https:\/\/nanotechvietnam.com\/en\/wp-json\/wp\/v2\/product_cat?post=4870"},{"taxonomy":"product_tag","embeddable":true,"href":"https:\/\/nanotechvietnam.com\/en\/wp-json\/wp\/v2\/product_tag?post=4870"}],"curies":[{"name":"wp","href":"https:\/\/api.w.org\/{rel}","templated":true}]}}