{"id":4856,"date":"2025-04-25T07:23:09","date_gmt":"2025-04-25T07:23:09","guid":{"rendered":"https:\/\/nanotechvietnam.com\/?post_type=product&#038;p=4856"},"modified":"2026-02-02T05:01:38","modified_gmt":"2026-02-02T05:01:38","slug":"bulong-s10t-bulong-tu-dut-tieu-chuan-nhat-ban-jis-ii-09","status":"publish","type":"product","link":"https:\/\/nanotechvietnam.com\/en\/product\/bulong-s10t-bulong-tu-dut-tieu-chuan-nhat-ban-jis-ii-09\/","title":{"rendered":"Bulong S10T &#8211; Bulong t\u1ef1 \u0111\u1ee9t ti\u00eau chu\u1ea9n Nh\u1eadt B\u1ea3n JIS II 09"},"content":{"rendered":"<p>Bulong t\u1ef1 \u0111\u1ee9t S10T hay bulong t\u1ef1 c\u1eaft S10T, t\u00ean ti\u1ebfng anh l\u00e0 bulong T.C bolt (T.C bolt = Tension Control Bolt = Bulong ki\u1ec3m so\u00e1t l\u1ef1c c\u0103ng), l\u00e0 lo\u1ea1i c\u1ea3i ti\u1ebfn c\u1ee7a bulong li\u00ean k\u1ebft ch\u1ecbu l\u1ef1c cao, c\u1ea5p b\u1ec1n t\u01b0\u01a1ng \u0111\u01b0\u01a1ng 10.9, \u0111\u01b0\u1ee3c ph\u00e1t tri\u1ec3n \u0111\u1ec3 si\u1ebft ch\u1eb7t bulong \u0111\u01a1n gi\u1ea3n, \u0111\u1ed9 ch\u1ecbu l\u1ef1c cao v\u00e0 hi\u1ec7u su\u1ea5t nh\u1eefng m\u1ed1i gh\u00e9p c\u00f3 c\u01b0\u1eddng \u0111\u1ed9 cao t\u1ed1t h\u01a1n. \u0110\u1eb7c tr\u01b0ng b\u1edfi c\u00e1c th\u00f4ng s\u1ed1: kh\u1ea3 n\u0103ng ch\u1ecbu c\u1eaft (shear strength), ch\u1ecbu k\u00e9o, ch\u1ecbu n\u00e9n (tensile strength), \u0111\u1ed9 c\u1ee9ng cao (high hardness) \u0111\u1ed9 d\u00e3n d\u00e0i v\u00e0 \u0111\u1ed9 th\u1eaft ti\u1ebft di\u1ec7n \u0111\u01b0\u1ee3c t\u00ednh to\u00e1n ch\u1eb7t ch\u1ebd \u0111\u1ea3m b\u1ea3o theo ti\u00eau chu\u1ea9n Nh\u1eadt B\u1ea3n JSS-II-09 v\u00e0 c\u00e1c ti\u00eau chu\u1ea9n ph\u1ed5 bi\u1ebfn kh\u00e1c v\u1ec1 bulong c\u01b0\u1eddng \u0111\u1ed9 cao nh\u01b0 ASTM F3125, EN 14399-10.<\/p>\n<p><img decoding=\"async\" class=\"lazyload aligncenter wp-image-4857 size-fusion-400\" src=\"https:\/\/nanotechvietnam.com\/wp-content\/uploads\/2025\/04\/bulong-s10t-khai-niem-400x159.jpg\" data-orig-src=\"https:\/\/nanotechvietnam.com\/wp-content\/uploads\/2025\/04\/bulong-s10t-khai-niem-400x159.jpg\" alt=\"\" width=\"400\" height=\"159\" srcset=\"data:image\/svg+xml,%3Csvg%20xmlns%3D%27http%3A%2F%2Fwww.w3.org%2F2000%2Fsvg%27%20width%3D%27400%27%20height%3D%27159%27%20viewBox%3D%270%200%20400%20159%27%3E%3Crect%20width%3D%27400%27%20height%3D%27159%27%20fill-opacity%3D%220%22%2F%3E%3C%2Fsvg%3E\" data-srcset=\"https:\/\/nanotechvietnam.com\/wp-content\/uploads\/2025\/04\/bulong-s10t-khai-niem-200x79.jpg 200w, https:\/\/nanotechvietnam.com\/wp-content\/uploads\/2025\/04\/bulong-s10t-khai-niem-300x119.jpg 300w, https:\/\/nanotechvietnam.com\/wp-content\/uploads\/2025\/04\/bulong-s10t-khai-niem-400x159.jpg 400w, https:\/\/nanotechvietnam.com\/wp-content\/uploads\/2025\/04\/bulong-s10t-khai-niem.jpg 434w\" data-sizes=\"auto\" data-orig-sizes=\"(max-width: 400px) 100vw, 400px\" title=\"\"><\/p>\n<h3>C\u1ea4U T\u1ea0O<\/h3>\n<h3><strong>CH\u00cdNH:\u00a0<\/strong>TH\u00c2N BULONG<\/h3>\n<p>Ph\u1ea7n \u0111\u1ea7u bulong t\u1ef1 c\u1eaft \u0111\u01b0\u1ee3c thi\u1ebft k\u1ebf theo d\u1ea1ng h\u00ecnh c\u1ea7u, l\u00e0 ph\u1ea7n ch\u1ecbu l\u1ef1c ch\u00ednh c\u1ee7a bulong<\/p>\n<p>Ph\u1ea7n th\u00e2n bulong l\u00e0 d\u1ea1ng ren l\u1eedng, c\u00f3 h\u00ecnh tr\u1ee5 tr\u00f2n.<\/p>\n<p>Ph\u1ea7n ren \u0111\u01b0\u1ee3c s\u1ea3n xu\u1ea5t theo ti\u00eau chu\u1ea9n ren h\u1ec7 m\u00e9t.<\/p>\n<p>Ph\u1ea7n cu\u1ed1i c\u1ee7a bulong t\u1ef1 \u0111\u1ee9t l\u00e0 ph\u1ea7n t\u1ef1 \u0111\u1ee9t<\/p>\n<h3><strong>\u0110I K\u00c8M:\u00a0<\/strong>T\u00c1N F10T + LONG \u0110\u1ec0N F35<\/h3>\n<h3><strong>L\u1edaP PH\u1ee6 B\u1ec0 M\u1eb6T: <\/strong>M\u1ea0 GEOMET VS H\u00c0NG TH\u00d4<\/h3>\n<div id=\"text-box-1266036725\" class=\"text-box banner-layer x95 md-x100 lg-x100 y50 md-y50 lg-y50 res-text\">\n<div class=\"text-box-content text \">\n<div class=\"text-inner text-left\">\n<p>H\u00ecnh \u1ea3nh sau 1 n\u0103m \u1edf m\u00f4i tr\u01b0\u1eddng kh\u00f4ng qu\u00e1 kh\u1eafc nghi\u1ec7t c\u1ee7a l\u1edbp m\u1ea1 geomet (tr\u1eafng b\u1ea1c) v\u00e0 h\u00e0ng th\u00f4 (\u0111en)<\/p>\n<\/div>\n<\/div>\n<\/div>\n<h3 id=\"ftoc-heading-6\" class=\"ftwp-heading\">\u1ee8NG D\u1ee4NG<\/h3>\n<div id=\"row-597768213\" class=\"row\">\n<div id=\"col-418216286\" class=\"col medium-9 small-12 large-9\">\n<div class=\"col-inner\">\n<ul>\n<li>\u0110\u01b0\u1ee3c cung c\u1ea5p h\u1ea7u h\u1ebft m\u1ecdi l\u0129nh v\u1ef1c c\u1ee7a th\u1ecb tr\u01b0\u1eddng x\u00e2y d\u1ef1ng tr\u00ean to\u00e0n c\u1ea7u. S\u1ef1 k\u1ebft h\u1ee3p gi\u1eefa \u0111\u1ed9 b\u1ec1n k\u00e9o v\u01b0\u1ee3t tr\u1ed9i c\u1ee7a bulong S10T c\u00f9ng v\u1edbi \u0111\u1ed9 d\u1ebbo phi th\u01b0\u1eddng t\u1ea1o ra m\u1ed9t lo\u1ea1i bulong ph\u1ed5 bi\u1ebfn th\u1ef1c s\u1ef1 c\u00f3 th\u1ec3 \u0111\u01b0\u1ee3c s\u1eed d\u1ee5ng ch\u1ee7 y\u1ebfu trong h\u1ea7u h\u1ebft c\u00e1c d\u1ef1 \u00e1n ng\u00e0nh k\u1ebft c\u1ea5u th\u00e9p. \u0110\u01b0\u1ee3c s\u1eed d\u1ee5ng ph\u1ed5 bi\u1ebfn trong ng\u00e0nh giao th\u00f4ng \u0111\u01b0\u1eddng b\u1ed9 v\u00e0 \u0111\u01b0\u1eddng s\u1eaft, hi\u1ec7n nay c\u00e1c l\u0129nh v\u1ef1c n\u0103ng l\u01b0\u1ee3ng gi\u00f3, nh\u00e0 cao t\u1ea7ng v\u00e0 s\u00e2n v\u1eadn \u0111\u1ed9ng ng\u00e0y c\u00e0ng ph\u00f9 h\u1ee3p v\u1edbi vi\u1ec7c s\u1eed d\u1ee5ng ti\u00eau chu\u1ea9n JSS II-09.<\/li>\n<li>N\u01a1i ch\u1ecbu t\u1ea3i tr\u1ecdng \u0111\u1ed9ng, c\u00f3 t\u00ednh chu k\u1ef3 l\u1eb7p l\u1ea1i g\u00e2y hi\u1ec7n t\u01b0\u1ee3ng ph\u00e1 h\u1ee7y b\u1edfi m\u1ecfi li\u00ean k\u1ebft nh\u01b0 b\u1ed9 ph\u1eadn chuy\u1ec3n ray (b\u1ebb ghi) v\u00e0 giao c\u1eaft c\u1ee7a \u0111\u01b0\u1eddng s\u1eaft, c\u00e1c k\u1ebft n\u1ed1i d\u1ea7m \u2013 c\u1ed9t\u2026<\/li>\n<li>C\u00e1c \u0111\u01b0\u1eddng k\u00ednh nh\u1ecf \u0111\u01b0\u1ee3c s\u1eed d\u1ee5ng trong c\u00e1c c\u1ee5m c\u00f4ng nghi\u1ec7p c\u1ee7a xe \u0111\u01b0\u1eddng b\u1ed9, \u0111\u01b0\u1eddng s\u1eaft v\u00e0 xe k\u00e9o, cho th\u1ea5y kh\u1ea3 n\u0103ng ch\u1ed1ng rung tuy\u1ec7t v\u1eddi.<\/li>\n<li>Ngo\u00e0i ra, v\u1edbi 1 s\u1ed1 lo\u1ea1i bulong \u0111\u01b0\u1ee3c \u1ee9ng d\u1ee5ng trong m\u00f4i tr\u01b0\u1eddng kh\u1eafc nghi\u1ec7t, c\u00f3 th\u1ec3 b\u1ecb t\u00e1c \u0111\u1ed9ng b\u1edfi y\u1ebfu t\u1ed1 nhi\u1ec7t \u0111\u1ed9, \u0111\u1ed9 \u1ea9m, l\u1edbp m\u1ea1 GEOMET ho\u1eb7c DACROMET s\u1ebd \u0111\u01b0\u1ee3c l\u1ef1a ch\u1ecdn gi\u00fap bulong h\u1ea1n ch\u1ebf \u0111\u01b0\u1ee3c t\u1ed1i \u0111a t\u00ecnh tr\u1ea1ng oxy h\u00f3a hay m\u00e0i m\u00f2n kh\u00f4ng mong mu\u1ed1n.<\/li>\n<\/ul>\n<p><img decoding=\"async\" class=\"lazyload aligncenter wp-image-4859 size-fusion-400\" src=\"https:\/\/nanotechvietnam.com\/wp-content\/uploads\/2025\/04\/ung-dung-s10t-600x900-1-e1759120213977-400x334.jpg\" data-orig-src=\"https:\/\/nanotechvietnam.com\/wp-content\/uploads\/2025\/04\/ung-dung-s10t-600x900-1-e1759120213977-400x334.jpg\" alt=\"\" width=\"400\" height=\"334\" srcset=\"data:image\/svg+xml,%3Csvg%20xmlns%3D%27http%3A%2F%2Fwww.w3.org%2F2000%2Fsvg%27%20width%3D%27400%27%20height%3D%27334%27%20viewBox%3D%270%200%20400%20334%27%3E%3Crect%20width%3D%27400%27%20height%3D%27334%27%20fill-opacity%3D%220%22%2F%3E%3C%2Fsvg%3E\" data-srcset=\"https:\/\/nanotechvietnam.com\/wp-content\/uploads\/2025\/04\/ung-dung-s10t-600x900-1-e1759120213977-200x167.jpg 200w, https:\/\/nanotechvietnam.com\/wp-content\/uploads\/2025\/04\/ung-dung-s10t-600x900-1-e1759120213977-300x251.jpg 300w, https:\/\/nanotechvietnam.com\/wp-content\/uploads\/2025\/04\/ung-dung-s10t-600x900-1-e1759120213977-400x334.jpg 400w, https:\/\/nanotechvietnam.com\/wp-content\/uploads\/2025\/04\/ung-dung-s10t-600x900-1-e1759120213977.jpg 598w\" data-sizes=\"auto\" data-orig-sizes=\"(max-width: 400px) 100vw, 400px\" title=\"\"><\/p>\n<h3 id=\"ftoc-heading-7\" class=\"ftwp-heading\">\u0110\u1eb6C \u0110I\u1ec2M C\u1ee6A BULONG S10T<\/h3>\n<div id=\"row-653707730\" class=\"row\">\n<div id=\"col-109471728\" class=\"col small-12 large-12\">\n<div class=\"col-inner\">\n<h3 id=\"ftoc-heading-8\" class=\"ftwp-heading\">\u01afU \u0110I\u1ec2M<\/h3>\n<p>Bulong k\u1ebft c\u1ea5u S10T \u0111\u01b0\u1ee3c c\u1ea3i ti\u1ebfn d\u1ef1a tr\u00ean bu l\u00f4ng c\u01b0\u1eddng \u0111\u1ed9 cao \u0111\u1ea7u l\u1ee5c gi\u00e1c v\u00e0 \u0111\u01b0\u1ee3c ph\u00e1t tri\u1ec3n \u0111\u1ec3 thu\u1eadn ti\u1ec7n cho vi\u1ec7c si\u1ebft ch\u1eb7t m\u1ed9t c\u00e1ch \u0111\u01a1n gi\u1ea3n nh\u1ea5t v\u00e0 c\u00f3 hi\u1ec7u su\u1ea5t cao nh\u1ea5t. 7 \u0111\u1eb7c t\u00ednh d\u01b0\u1edbi \u0111\u00e2y cho th\u1ea5y s\u1ef1 ho\u00e0n h\u1ea3o c\u1ee7a n\u00f3:<\/p>\n<ol>\n<li>\u0110\u1ea3m b\u1ea3o ki\u1ec3m so\u00e1t \u0111\u01b0\u1ee3c l\u1ef1c si\u1ebft,\u00a0ch\u1ea5t l\u01b0\u1ee3ng t\u1ed1t nh\u1ea5t<\/li>\n<li>Ho\u00e0n t\u1ea5t vi\u1ec7c si\u1ebft bulong b\u1eb1ng c\u00e1ch c\u1eaft b\u1ecf \u0111\u1ea7u cu\u1ed1i c\u1ee7a bu l\u00f4ng<\/li>\n<li>D\u1ec5 thi c\u00f4ng v\u00e0 l\u1eafp \u0111\u1eb7t k\u1ec3 c\u1ea3 nh\u1eefng v\u1ecb tr\u00ed kh\u00f3, ti\u1ebft ki\u1ec7m chi ph\u00ed nh\u00e2n c\u00f4ng v\u00ec s\u1eed d\u1ee5ng s\u00fang si\u1ebft ch\u1eb7t m\u00e0 kh\u00f4ng c\u1ea7n c\u1ed1 \u0111\u1ecbnh \u0111\u1ea7u bulong.<\/li>\n<li>L\u1eafp \u0111\u1eb7t kh\u00f4ng \u1ed3n \u00e0o v\u00e0 kh\u00f4ng c\u1ea7n ph\u1ea3i ch\u1ec9nh c\u1edd l\u00ea \u0111i\u1ec7n hay m\u00e1y si\u1ebft \u0111i\u1ec7n, thao t\u00e1c \u0111\u01a1n gi\u1ea3n<\/li>\n<li>Bulong c\u1ed1 \u0111\u1ecbnh kh\u00f4ng xoay trong khi si\u1ebft.<\/li>\n<li>Kh\u00f4ng s\u1ee3 bu l\u00f4ng b\u1ecb bung ra.<\/li>\n<li>Ch\u1ecbu l\u1ef1c r\u1ea5t t\u1ed1t trong \u0111i\u1ec1u ki\u1ec7n kh\u1eafc nghi\u1ec7t.<\/li>\n<\/ol>\n<h3 id=\"ftoc-heading-9\" class=\"ftwp-heading\">SO S\u00c1NH V\u1edaI BULONG TH\u00d4NG TH\u01af\u1edcNG<\/h3>\n<p><img decoding=\"async\" class=\"lazyload aligncenter wp-image-4861 size-fusion-400\" src=\"https:\/\/nanotechvietnam.com\/wp-content\/uploads\/2025\/04\/bulong-s10t-2022-e1759120184835-400x263.jpeg\" data-orig-src=\"https:\/\/nanotechvietnam.com\/wp-content\/uploads\/2025\/04\/bulong-s10t-2022-e1759120184835-400x263.jpeg\" alt=\"\" width=\"400\" height=\"263\" srcset=\"data:image\/svg+xml,%3Csvg%20xmlns%3D%27http%3A%2F%2Fwww.w3.org%2F2000%2Fsvg%27%20width%3D%27400%27%20height%3D%27263%27%20viewBox%3D%270%200%20400%20263%27%3E%3Crect%20width%3D%27400%27%20height%3D%27263%27%20fill-opacity%3D%220%22%2F%3E%3C%2Fsvg%3E\" data-srcset=\"https:\/\/nanotechvietnam.com\/wp-content\/uploads\/2025\/04\/bulong-s10t-2022-e1759120184835-200x132.jpeg 200w, https:\/\/nanotechvietnam.com\/wp-content\/uploads\/2025\/04\/bulong-s10t-2022-e1759120184835-300x198.jpeg 300w, https:\/\/nanotechvietnam.com\/wp-content\/uploads\/2025\/04\/bulong-s10t-2022-e1759120184835-400x263.jpeg 400w, https:\/\/nanotechvietnam.com\/wp-content\/uploads\/2025\/04\/bulong-s10t-2022-e1759120184835-600x395.jpeg 600w, https:\/\/nanotechvietnam.com\/wp-content\/uploads\/2025\/04\/bulong-s10t-2022-e1759120184835-700x461.jpeg 700w, https:\/\/nanotechvietnam.com\/wp-content\/uploads\/2025\/04\/bulong-s10t-2022-e1759120184835.jpeg 732w\" data-sizes=\"auto\" data-orig-sizes=\"(max-width: 400px) 100vw, 400px\" title=\"\"><\/p>\n<p>Ph\u1ea7n \u0111u\u00f4i c\u1ee7a bulong t\u1ef1 \u0111\u1ee9t s\u1ebd t\u1ef1 \u0111\u1ed9ng \u0111\u01b0\u1ee3c c\u1eaft r\u1eddi khi s\u1eed d\u1ee5ng s\u00fang chuy\u00ean d\u00f9ng \u0111\u1ec3 si\u1ebft bulong. Ph\u1ea7n \u0111u\u00f4i t\u1ef1 \u0111\u1ee9t \u0111em \u0111\u1ebfn s\u1ef1 kh\u00e1c bi\u1ec7t gi\u1eefa Bu l\u00f4ng S10T so v\u1edbi c\u00e1c s\u1ea3n ph\u1ea9m bulong th\u00f4ng th\u01b0\u1eddng kh\u00e1c.<\/p>\n<p>Ngo\u00e0i ra ph\u1ea7n \u0111u\u00f4i t\u1ef1 \u0111\u1ee9t gi\u00fap c\u1ed1 \u0111\u1ecbnh cho bulong kh\u00f4ng xoay \u0111\u1ec3 s\u00fang c\u00f3 th\u1ec3 si\u1ebft th\u1eadt ch\u1eb7t \u0111ai \u1ed1c ch\u1ec9 b\u1eb1ng m\u1ed9t thao t\u00e1c. Sau khi ho\u00e0n th\u00e0nh nhi\u1ec7m v\u1ee5 l\u00e0 si\u1ebft ch\u1eb7t, th\u00ec ph\u1ea7n t\u1ef1 \u0111\u1ee9t n\u00e0y s\u1ebd b\u1ecb \u0111\u1ee9t r\u1eddi, l\u00fac n\u00e0y bulong S10T s\u1ebd tr\u1edf th\u00e0nh m\u1ed9t bulong b\u00ecnh th\u01b0\u1eddng.<\/p>\n<p>Tuy nhi\u00ean bulong t\u1ef1 \u0111\u1ee9t S10T c\u0169ng c\u00f3 nh\u01b0\u1ee3c \u0111i\u1ec3m l\u00e0 ch\u1ec9 s\u1eed d\u1ee5ng m\u1ed9t l\u1ea7n m\u00e0 kh\u00f4ng t\u00e1i s\u1eed d\u1ee5ng l\u1ea1i \u0111\u01b0\u1ee3c.<\/p>\n<p>Nh\u1eb1m t\u1ea1o s\u1ef1 thu\u1eadn ti\u1ec7n cho kh\u00e1ch h\u00e0ng khi ch\u1ecdn mua v\u00e0 s\u1eed d\u1ee5ng, hi\u1ec7n nay t\u1ea1i Alpha Fastener, bulong t\u1ef1 \u0111\u1ee9t S10T \u0111\u01b0\u1ee3c cung c\u1ea5p v\u1edbi \u0111a d\u1ea1ng k\u00edch th\u01b0\u1edbc. Trong \u0111\u00f3, \u0111\u01b0\u1eddng k\u00ednh bulong c\u00f3 th\u1ec3 dao \u0111\u1ed9ng t\u1eeb M6 \u2013 M30; chi\u1ec1u d\u00e0i dao \u0111\u1ed9ng trong kho\u1ea3ng 10 \u2013 300mm.<\/p>\n<h3 id=\"ftoc-heading-26\" class=\"ftwp-heading\">T\u1ea0I SAO L\u1ea0I CH\u1eccN ALPHA FASTENER?<\/h3>\n<div id=\"row-2009770942\" class=\"row\">\n<div id=\"col-135936702\" class=\"col small-12 large-12\">\n<div class=\"col-inner\">\n<div><strong>S\u1ef1 h\u00e0i l\u00f2ng c\u1ee7a kh\u00e1ch h\u00e0ng l\u00e0 \u01b0u ti\u00ean s\u1ed1 1<\/strong><\/div>\n<div>Ch\u00fang t\u00f4i lu\u00f4n coi \u201cs\u1ef1 h\u00e0i l\u00f2ng c\u1ee7a kh\u00e1ch h\u00e0ng\u201d l\u00e0 m\u1ee5c ti\u00eau ph\u1ea5n \u0111\u1ea5u c\u1ee7a c\u00f4ng ty ch\u00fang t\u00f4i. \u0110\u00f3 l\u00e0 v\u00ec sao ch\u00fang t\u00f4i lu\u00f4n coi tr\u1ecdng s\u1ef1 k\u1ebft n\u1ed1i v\u00e0 m\u1ed1i quan h\u1ec7 b\u1ec1n v\u1eefng, l\u00e0 \u0111\u1ecba ch\u1ecb mua h\u00e0ng uy t\u00edn cho kh\u00e1ch h\u00e0ng.<\/div>\n<div>\n<div class=\" floatL\"><strong>S\u1ef1 tin t\u01b0\u1edfng<\/strong><\/div>\n<div class=\" floatL\">Th\u00e0nh c\u00f4ng c\u1ee7a ch\u00fang t\u00f4i l\u00e0 \u0111\u1ea1t \u0111\u01b0\u1ee3c s\u1ef1 tin t\u01b0\u1edfng c\u1ee7a kh\u00e1ch h\u00e0ng c\u0169ng nh\u01b0 m\u1ed1i quan h\u1ec7 b\u1ec1n ch\u1eb7t v\u1edbi kh\u00e1ch h\u00e0ng. Ch\u00fang t\u00f4i mong mu\u1ed1n kh\u00e1ch h\u00e0ng nh\u01b0 nh\u1eefng ng\u01b0\u1eddi b\u1ea1n th\u00e2m giao b\u1ec1n v\u1eefng c\u1ee7a ch\u00fang t\u00f4i.<\/div>\n<div>\n<div class=\" floatL\"><strong>H\u1ed7 tr\u1ee3 tr\u1ee3 nhi\u1ec7t t\u00ecnh<\/strong><\/div>\n<div class=\" floatL\">\u0110\u1ed9i ng\u0169 k\u1ef9 thu\u1eadt vi\u00ean c\u1ee7a ch\u00fang t\u00f4i lu\u00f4n th\u01b0\u1eddng tr\u1ef1c 24\/7 \u0111\u1ec3 h\u1ed7 tr\u1ee3 b\u1ea1n kh\u1eafc ph\u1ee5c c\u00e1c s\u1ef1 c\u1ed1 x\u1ea3y ra v\u00e0 c\u00e1c th\u1eafc m\u1eafc v\u00e0 b\u00e1o gi\u00e1 trong th\u1eddi gian ng\u1eafn nh\u1ea5t c\u00f3 th\u1ec3.<\/div>\n<\/div>\n<\/div>\n<\/div>\n<\/div>\n<\/div>\n<\/div>\n<\/div>\n<\/div>\n<\/div>\n<\/div>\n<\/div>\n","protected":false},"excerpt":{"rendered":"<p>Bulong t\u1ef1 \u0111\u1ee9t S10T hay bulong t\u1ef1 c\u1eaft S10T, t\u00ean ti\u1ebfng anh l\u00e0 bulong T.C bolt (T.C bolt = Tension Control Bolt = Bulong ki\u1ec3m so\u00e1t l\u1ef1c c\u0103ng), l\u00e0 lo\u1ea1i c\u1ea3i ti\u1ebfn c\u1ee7a bulong li\u00ean k\u1ebft ch\u1ecbu l\u1ef1c cao, c\u1ea5p b\u1ec1n t\u01b0\u01a1ng \u0111\u01b0\u01a1ng 10.9, \u0111\u01b0\u1ee3c ph\u00e1t tri\u1ec3n \u0111\u1ec3 si\u1ebft ch\u1eb7t bulong \u0111\u01a1n gi\u1ea3n, \u0111\u1ed9 ch\u1ecbu l\u1ef1c cao v\u00e0 hi\u1ec7u su\u1ea5t nh\u1eefng m\u1ed1i gh\u00e9p c\u00f3 c\u01b0\u1eddng \u0111\u1ed9 cao t\u1ed1t h\u01a1n. \u0110\u1eb7c tr\u01b0ng b\u1edfi c\u00e1c th\u00f4ng s\u1ed1: kh\u1ea3 n\u0103ng ch\u1ecbu c\u1eaft (shear strength), ch\u1ecbu k\u00e9o, ch\u1ecbu n\u00e9n (tensile strength), \u0111\u1ed9 c\u1ee9ng cao (high hardness) \u0111\u1ed9 d\u00e3n d\u00e0i v\u00e0 \u0111\u1ed9 th\u1eaft ti\u1ebft di\u1ec7n \u0111\u01b0\u1ee3c t\u00ednh to\u00e1n ch\u1eb7t ch\u1ebd \u0111\u1ea3m b\u1ea3o theo ti\u00eau chu\u1ea9n Nh\u1eadt B\u1ea3n JSS-II-09 v\u00e0 c\u00e1c ti\u00eau chu\u1ea9n ph\u1ed5 bi\u1ebfn kh\u00e1c v\u1ec1 bulong c\u01b0\u1eddng \u0111\u1ed9 cao nh\u01b0 ASTM F3125, EN 14399-10.<\/p>\n<p>&nbsp;<\/p>\n","protected":false},"featured_media":4857,"comment_status":"open","ping_status":"closed","template":"","meta":[],"product_cat":[207,209],"product_tag":[],"_links":{"self":[{"href":"https:\/\/nanotechvietnam.com\/en\/wp-json\/wp\/v2\/product\/4856"}],"collection":[{"href":"https:\/\/nanotechvietnam.com\/en\/wp-json\/wp\/v2\/product"}],"about":[{"href":"https:\/\/nanotechvietnam.com\/en\/wp-json\/wp\/v2\/types\/product"}],"replies":[{"embeddable":true,"href":"https:\/\/nanotechvietnam.com\/en\/wp-json\/wp\/v2\/comments?post=4856"}],"wp:featuredmedia":[{"embeddable":true,"href":"https:\/\/nanotechvietnam.com\/en\/wp-json\/wp\/v2\/media\/4857"}],"wp:attachment":[{"href":"https:\/\/nanotechvietnam.com\/en\/wp-json\/wp\/v2\/media?parent=4856"}],"wp:term":[{"taxonomy":"product_cat","embeddable":true,"href":"https:\/\/nanotechvietnam.com\/en\/wp-json\/wp\/v2\/product_cat?post=4856"},{"taxonomy":"product_tag","embeddable":true,"href":"https:\/\/nanotechvietnam.com\/en\/wp-json\/wp\/v2\/product_tag?post=4856"}],"curies":[{"name":"wp","href":"https:\/\/api.w.org\/{rel}","templated":true}]}}